{"id":493,"date":"2021-09-16T07:32:33","date_gmt":"2021-09-16T07:32:33","guid":{"rendered":"http:\/\/demo.ovathemes.com\/moore\/?page_id=493"},"modified":"2023-01-23T15:18:05","modified_gmt":"2023-01-23T15:18:05","slug":"about-us","status":"publish","type":"page","link":"https:\/\/wohnsiegel.ch\/index.php\/about-us\/","title":{"rendered":"\u00dcber mich"},"content":{"rendered":"\t\t<div data-elementor-type=\"wp-page\" data-elementor-id=\"493\" class=\"elementor elementor-493\">\n\t\t\t\t\t\t<section class=\"elementor-section elementor-top-section elementor-element elementor-element-4f7e371 elementor-section-full_width elementor-section-content-middle elementor-section-height-default elementor-section-height-default\" data-id=\"4f7e371\" data-element_type=\"section\" data-settings=\"{&quot;background_background&quot;:&quot;classic&quot;}\">\n\t\t\t\t\t\t\t<div class=\"elementor-background-overlay\"><\/div>\n\t\t\t\t\t\t\t<div class=\"elementor-container elementor-column-gap-no\">\n\t\t\t\t\t<div class=\"elementor-column elementor-col-100 elementor-top-column elementor-element elementor-element-82b711a\" data-id=\"82b711a\" data-element_type=\"column\">\n\t\t\t<div class=\"elementor-widget-wrap elementor-element-populated\">\n\t\t\t\t\t\t<div class=\"elementor-element elementor-element-0e67838 elementor-hidden-mobile elementor-invisible elementor-widget elementor-widget-moore_elementor_heading\" data-id=\"0e67838\" data-element_type=\"widget\" data-settings=\"{&quot;_animation&quot;:&quot;fadeInDown&quot;}\" data-widget_type=\"moore_elementor_heading.default\">\n\t\t\t\t<div class=\"elementor-widget-container\">\n\t\t\t\t\t         <div class=\"ova-heading\">\n\n\t\t\t<h3 class=\"title\">Wohlf\u00fchlen im\nrichtigen Zuhause<\/h3>\n\t\t \t\n\t    <\/div>\n\t\t \t\n\t\t\t\t\t\t<\/div>\n\t\t\t\t<\/div>\n\t\t\t\t<div class=\"elementor-element elementor-element-cbe4fba elementor-hidden-desktop elementor-hidden-tablet elementor-invisible elementor-widget elementor-widget-moore_elementor_heading\" data-id=\"cbe4fba\" data-element_type=\"widget\" data-settings=\"{&quot;_animation&quot;:&quot;fadeInDown&quot;}\" data-widget_type=\"moore_elementor_heading.default\">\n\t\t\t\t<div class=\"elementor-widget-container\">\n\t\t\t\t\t         <div class=\"ova-heading\">\n\n\t\t\t<h3 class=\"title\">Wohlf\u00fchlen im\nrichtigen Zuhause<\/h3>\n\t\t \t\n\t    <\/div>\n\t\t \t\n\t\t\t\t\t\t<\/div>\n\t\t\t\t<\/div>\n\t\t\t\t\t<\/div>\n\t\t<\/div>\n\t\t\t\t\t<\/div>\n\t\t<\/section>\n\t\t\t\t<section class=\"elementor-section elementor-top-section elementor-element elementor-element-cc5c76c elementor-section-boxed elementor-section-height-default elementor-section-height-default\" data-id=\"cc5c76c\" data-element_type=\"section\">\n\t\t\t\t\t\t<div class=\"elementor-container elementor-column-gap-default\">\n\t\t\t\t\t<div class=\"elementor-column elementor-col-50 elementor-top-column elementor-element elementor-element-eda43a1\" data-id=\"eda43a1\" data-element_type=\"column\">\n\t\t\t<div class=\"elementor-widget-wrap elementor-element-populated\">\n\t\t\t\t\t\t<section class=\"elementor-section elementor-inner-section elementor-element elementor-element-82b1698 elementor-section-boxed elementor-section-height-default elementor-section-height-default\" data-id=\"82b1698\" data-element_type=\"section\">\n\t\t\t\t\t\t<div class=\"elementor-container elementor-column-gap-default\">\n\t\t\t\t\t<div class=\"elementor-column elementor-col-50 elementor-inner-column elementor-element elementor-element-ca50712\" data-id=\"ca50712\" data-element_type=\"column\">\n\t\t\t<div class=\"elementor-widget-wrap elementor-element-populated\">\n\t\t\t\t\t\t<div class=\"elementor-element elementor-element-f4cea1a elementor-widget elementor-widget-moore_elementor_team\" data-id=\"f4cea1a\" data-element_type=\"widget\" data-widget_type=\"moore_elementor_team.default\">\n\t\t\t\t<div class=\"elementor-widget-container\">\n\t\t\t\t\t\t\t \n         \t\t\t<div class=\"ova-team\">\n\t\t\t\t<div class=\"img\">\n\t\t\t\t\t<img decoding=\"async\" src=\"https:\/\/wohnsiegel.ch\/wp-content\/uploads\/2021\/12\/k_Swiss-Business-Photography_4269sw-e1640960018867.jpg\" class=\"team-img\" alt=\"Martina Dal-Pont\">\n\t\t\t\t<\/div>\n\n\t\t\t\t<div class=\"info\">\n\n\t\t\t\t\t\t\t\t\t\t\t<h2 class=\"name\">\n\t\t\t\t\t\t\t\tMartina Dal-Pont\t\t\t\t\t\t<\/h2>\n\t\t\t\t\t\n\t\t\t\t\t\t\t\t\t\t\t<p  class=\"job\">\n\t\t\t\t\t\t\tImmobilienvermarkterin mit eidg. FA\t\t\t\t\t\t<\/p>\n\t\t\t\t\t\n\t\t\t\t<\/div>\t\n\t\t\t<\/div>\n\t\t\t\n\n\t\t\t\t\t\t<\/div>\n\t\t\t\t<\/div>\n\t\t\t\t\t<\/div>\n\t\t<\/div>\n\t\t\t\t<div class=\"elementor-column elementor-col-50 elementor-inner-column elementor-element elementor-element-4644d41\" data-id=\"4644d41\" data-element_type=\"column\">\n\t\t\t<div class=\"elementor-widget-wrap elementor-element-populated\">\n\t\t\t\t\t\t<div class=\"elementor-element elementor-element-747e8f2 elementor-widget elementor-widget-moore_elementor_team\" data-id=\"747e8f2\" data-element_type=\"widget\" data-widget_type=\"moore_elementor_team.default\">\n\t\t\t\t<div class=\"elementor-widget-container\">\n\t\t\t\t\t\t\t \n         \t\t\t<div class=\"ova-team\">\n\t\t\t\t<div class=\"img\">\n\t\t\t\t\t<img decoding=\"async\" src=\"https:\/\/wohnsiegel.ch\/wp-content\/uploads\/2021\/12\/Bild2.jpg\" class=\"team-img\" alt=\"Lulu\">\n\t\t\t\t<\/div>\n\n\t\t\t\t<div class=\"info\">\n\n\t\t\t\t\t\t\t\t\t\t\t<h2 class=\"name\">\n\t\t\t\t\t\t\t\tLulu\t\t\t\t\t\t<\/h2>\n\t\t\t\t\t\n\t\t\t\t\t\t\t\t\t\t\t<p  class=\"job\">\n\t\t\t\t\t\t\tAkquisition\t\t\t\t\t\t<\/p>\n\t\t\t\t\t\n\t\t\t\t<\/div>\t\n\t\t\t<\/div>\n\t\t\t\n\n\t\t\t\t\t\t<\/div>\n\t\t\t\t<\/div>\n\t\t\t\t\t<\/div>\n\t\t<\/div>\n\t\t\t\t\t<\/div>\n\t\t<\/section>\n\t\t\t\t\t<\/div>\n\t\t<\/div>\n\t\t\t\t<div class=\"elementor-column elementor-col-50 elementor-top-column elementor-element elementor-element-3636e98\" data-id=\"3636e98\" data-element_type=\"column\">\n\t\t\t<div class=\"elementor-widget-wrap elementor-element-populated\">\n\t\t\t\t\t\t<div class=\"elementor-element elementor-element-7b56117 elementor-widget elementor-widget-moore_elementor_heading\" data-id=\"7b56117\" data-element_type=\"widget\" data-widget_type=\"moore_elementor_heading.default\">\n\t\t\t\t<div class=\"elementor-widget-container\">\n\t\t\t\t\t         <div class=\"ova-heading\">\n\n\t\t\t<h2 class=\"title\">Wir sind f\u00fcr Sie und Ihre Immobilie da<\/h2>\n\t\t \t\n\t    <\/div>\n\t\t \t\n\t\t\t\t\t\t<\/div>\n\t\t\t\t<\/div>\n\t\t\t\t<div class=\"elementor-element elementor-element-6fc9e08 elementor-drop-cap-yes elementor-drop-cap-view-default elementor-widget elementor-widget-text-editor\" data-id=\"6fc9e08\" data-element_type=\"widget\" data-settings=\"{&quot;drop_cap&quot;:&quot;yes&quot;}\" data-widget_type=\"text-editor.default\">\n\t\t\t\t<div class=\"elementor-widget-container\">\n\t\t\t\t\t\t\t\t\t<ul><li><b>Beratung beim Verkauf:<\/b><br \/>Was Sie alles beachten m\u00fcssen, wenn Sie Ihre\u00a0Liegenschaft\u00a0verkaufen m\u00f6chten.<br \/>Wir \u00fcbernehmen f\u00fcr Sie den\u00a0gesamten\u00a0Vermarktungsprozess, von der Bewertung\u00a0bis hin zur Schl\u00fcssel\u00fcbergabe.<\/li><li><b>Beratung beim Kauf:<\/b><br \/>Wir unterst\u00fctzen Sie auf\u00a0der Suche nach Ihrem\u00a0Wunsch-Objekt\u00a0und stehen Ihnen mit\u00a0Fachwissen zur Seite.<\/li><li><b>Loslassen und\u00a0neu Ankommen:<\/b><br \/>Im Mittelpunkt stehen Sie und Ihre Bed\u00fcrfnisse.<\/li><\/ul>\t\t\t\t\t\t\t\t<\/div>\n\t\t\t\t<\/div>\n\t\t\t\t<div class=\"elementor-element elementor-element-34a8815 elementor-drop-cap-yes elementor-drop-cap-view-default elementor-widget elementor-widget-text-editor\" data-id=\"34a8815\" data-element_type=\"widget\" data-settings=\"{&quot;drop_cap&quot;:&quot;yes&quot;}\" data-widget_type=\"text-editor.default\">\n\t\t\t\t<div class=\"elementor-widget-container\">\n\t\t\t\t\t\t\t\t\t<p>Martina Dal-Pont<\/p>\t\t\t\t\t\t\t\t<\/div>\n\t\t\t\t<\/div>\n\t\t\t\t\t<\/div>\n\t\t<\/div>\n\t\t\t\t\t<\/div>\n\t\t<\/section>\n\t\t\t\t<\/div>\n\t\t","protected":false},"excerpt":{"rendered":"<p>Wohlf\u00fchlen im richtigen Zuhause Wohlf\u00fchlen im richtigen Zuhause Martina Dal-Pont Immobilienvermarkterin mit eidg. FA Lulu Akquisition Wir sind f\u00fcr Sie und Ihre Immobilie da Beratung beim Verkauf:Was Sie alles beachten m\u00fcssen, wenn Sie Ihre\u00a0Liegenschaft\u00a0verkaufen m\u00f6chten.Wir \u00fcbernehmen f\u00fcr Sie den\u00a0gesamten\u00a0Vermarktungsprozess, von der Bewertung\u00a0bis hin zur Schl\u00fcssel\u00fcbergabe. Beratung beim Kauf:Wir unterst\u00fctzen Sie auf\u00a0der Suche nach Ihrem\u00a0Wunsch-Objekt\u00a0und stehen [&hellip;]<\/p>\n","protected":false},"author":1,"featured_media":2126,"parent":0,"menu_order":0,"comment_status":"closed","ping_status":"closed","template":"elementor_header_footer","meta":{"footnotes":""},"class_list":["post-493","page","type-page","status-publish","has-post-thumbnail","hentry"],"yoast_head":"<!-- This site is optimized with the Yoast SEO plugin v25.2 - https:\/\/yoast.com\/wordpress\/plugins\/seo\/ -->\n<title>\u00dcber mich - Wohnsiegel<\/title>\n<meta name=\"robots\" content=\"index, follow, max-snippet:-1, max-image-preview:large, max-video-preview:-1\" \/>\n<link rel=\"canonical\" href=\"https:\/\/wohnsiegel.ch\/index.php\/about-us\/\" \/>\n<meta property=\"og:locale\" content=\"de_DE\" \/>\n<meta property=\"og:type\" content=\"article\" \/>\n<meta property=\"og:title\" content=\"\u00dcber mich - Wohnsiegel\" \/>\n<meta property=\"og:description\" content=\"Wohlf\u00fchlen im richtigen Zuhause Wohlf\u00fchlen im richtigen Zuhause Martina Dal-Pont Immobilienvermarkterin mit eidg. FA Lulu Akquisition Wir sind f\u00fcr Sie und Ihre Immobilie da Beratung beim Verkauf:Was Sie alles beachten m\u00fcssen, wenn Sie Ihre\u00a0Liegenschaft\u00a0verkaufen m\u00f6chten.Wir \u00fcbernehmen f\u00fcr Sie den\u00a0gesamten\u00a0Vermarktungsprozess, von der Bewertung\u00a0bis hin zur Schl\u00fcssel\u00fcbergabe. Beratung beim Kauf:Wir unterst\u00fctzen Sie auf\u00a0der Suche nach Ihrem\u00a0Wunsch-Objekt\u00a0und stehen [&hellip;]\" \/>\n<meta property=\"og:url\" content=\"https:\/\/wohnsiegel.ch\/index.php\/about-us\/\" \/>\n<meta property=\"og:site_name\" content=\"Wohnsiegel\" \/>\n<meta property=\"article:modified_time\" content=\"2023-01-23T15:18:05+00:00\" \/>\n<meta property=\"og:image\" content=\"https:\/\/wohnsiegel.ch\/wp-content\/uploads\/2021\/09\/bg_about.jpg\" \/>\n\t<meta property=\"og:image:width\" content=\"1760\" \/>\n\t<meta property=\"og:image:height\" content=\"600\" \/>\n\t<meta property=\"og:image:type\" content=\"image\/jpeg\" \/>\n<meta name=\"twitter:card\" content=\"summary_large_image\" \/>\n<meta name=\"twitter:label1\" content=\"Gesch\u00e4tzte Lesezeit\" \/>\n\t<meta name=\"twitter:data1\" content=\"1\u00a0Minute\" \/>\n<script type=\"application\/ld+json\" class=\"yoast-schema-graph\">{\"@context\":\"https:\/\/schema.org\",\"@graph\":[{\"@type\":\"WebPage\",\"@id\":\"https:\/\/wohnsiegel.ch\/index.php\/about-us\/\",\"url\":\"https:\/\/wohnsiegel.ch\/index.php\/about-us\/\",\"name\":\"\u00dcber mich - Wohnsiegel\",\"isPartOf\":{\"@id\":\"https:\/\/wohnsiegel.ch\/#website\"},\"primaryImageOfPage\":{\"@id\":\"https:\/\/wohnsiegel.ch\/index.php\/about-us\/#primaryimage\"},\"image\":{\"@id\":\"https:\/\/wohnsiegel.ch\/index.php\/about-us\/#primaryimage\"},\"thumbnailUrl\":\"https:\/\/wohnsiegel.ch\/wp-content\/uploads\/2021\/09\/bg_about.jpg\",\"datePublished\":\"2021-09-16T07:32:33+00:00\",\"dateModified\":\"2023-01-23T15:18:05+00:00\",\"breadcrumb\":{\"@id\":\"https:\/\/wohnsiegel.ch\/index.php\/about-us\/#breadcrumb\"},\"inLanguage\":\"de\",\"potentialAction\":[{\"@type\":\"ReadAction\",\"target\":[\"https:\/\/wohnsiegel.ch\/index.php\/about-us\/\"]}]},{\"@type\":\"ImageObject\",\"inLanguage\":\"de\",\"@id\":\"https:\/\/wohnsiegel.ch\/index.php\/about-us\/#primaryimage\",\"url\":\"https:\/\/wohnsiegel.ch\/wp-content\/uploads\/2021\/09\/bg_about.jpg\",\"contentUrl\":\"https:\/\/wohnsiegel.ch\/wp-content\/uploads\/2021\/09\/bg_about.jpg\",\"width\":1760,\"height\":600},{\"@type\":\"BreadcrumbList\",\"@id\":\"https:\/\/wohnsiegel.ch\/index.php\/about-us\/#breadcrumb\",\"itemListElement\":[{\"@type\":\"ListItem\",\"position\":1,\"name\":\"Startseite\",\"item\":\"https:\/\/wohnsiegel.ch\/\"},{\"@type\":\"ListItem\",\"position\":2,\"name\":\"\u00dcber mich\"}]},{\"@type\":\"WebSite\",\"@id\":\"https:\/\/wohnsiegel.ch\/#website\",\"url\":\"https:\/\/wohnsiegel.ch\/\",\"name\":\"Wohnsiegel\",\"description\":\"Immobilienberaterin Z\u00fcrich\",\"potentialAction\":[{\"@type\":\"SearchAction\",\"target\":{\"@type\":\"EntryPoint\",\"urlTemplate\":\"https:\/\/wohnsiegel.ch\/?s={search_term_string}\"},\"query-input\":{\"@type\":\"PropertyValueSpecification\",\"valueRequired\":true,\"valueName\":\"search_term_string\"}}],\"inLanguage\":\"de\"}]}<\/script>\n<!-- \/ Yoast SEO plugin. -->","yoast_head_json":{"title":"\u00dcber mich - Wohnsiegel","robots":{"index":"index","follow":"follow","max-snippet":"max-snippet:-1","max-image-preview":"max-image-preview:large","max-video-preview":"max-video-preview:-1"},"canonical":"https:\/\/wohnsiegel.ch\/index.php\/about-us\/","og_locale":"de_DE","og_type":"article","og_title":"\u00dcber mich - Wohnsiegel","og_description":"Wohlf\u00fchlen im richtigen Zuhause Wohlf\u00fchlen im richtigen Zuhause Martina Dal-Pont Immobilienvermarkterin mit eidg. FA Lulu Akquisition Wir sind f\u00fcr Sie und Ihre Immobilie da Beratung beim Verkauf:Was Sie alles beachten m\u00fcssen, wenn Sie Ihre\u00a0Liegenschaft\u00a0verkaufen m\u00f6chten.Wir \u00fcbernehmen f\u00fcr Sie den\u00a0gesamten\u00a0Vermarktungsprozess, von der Bewertung\u00a0bis hin zur Schl\u00fcssel\u00fcbergabe. Beratung beim Kauf:Wir unterst\u00fctzen Sie auf\u00a0der Suche nach Ihrem\u00a0Wunsch-Objekt\u00a0und stehen [&hellip;]","og_url":"https:\/\/wohnsiegel.ch\/index.php\/about-us\/","og_site_name":"Wohnsiegel","article_modified_time":"2023-01-23T15:18:05+00:00","og_image":[{"width":1760,"height":600,"url":"https:\/\/wohnsiegel.ch\/wp-content\/uploads\/2021\/09\/bg_about.jpg","type":"image\/jpeg"}],"twitter_card":"summary_large_image","twitter_misc":{"Gesch\u00e4tzte Lesezeit":"1\u00a0Minute"},"schema":{"@context":"https:\/\/schema.org","@graph":[{"@type":"WebPage","@id":"https:\/\/wohnsiegel.ch\/index.php\/about-us\/","url":"https:\/\/wohnsiegel.ch\/index.php\/about-us\/","name":"\u00dcber mich - Wohnsiegel","isPartOf":{"@id":"https:\/\/wohnsiegel.ch\/#website"},"primaryImageOfPage":{"@id":"https:\/\/wohnsiegel.ch\/index.php\/about-us\/#primaryimage"},"image":{"@id":"https:\/\/wohnsiegel.ch\/index.php\/about-us\/#primaryimage"},"thumbnailUrl":"https:\/\/wohnsiegel.ch\/wp-content\/uploads\/2021\/09\/bg_about.jpg","datePublished":"2021-09-16T07:32:33+00:00","dateModified":"2023-01-23T15:18:05+00:00","breadcrumb":{"@id":"https:\/\/wohnsiegel.ch\/index.php\/about-us\/#breadcrumb"},"inLanguage":"de","potentialAction":[{"@type":"ReadAction","target":["https:\/\/wohnsiegel.ch\/index.php\/about-us\/"]}]},{"@type":"ImageObject","inLanguage":"de","@id":"https:\/\/wohnsiegel.ch\/index.php\/about-us\/#primaryimage","url":"https:\/\/wohnsiegel.ch\/wp-content\/uploads\/2021\/09\/bg_about.jpg","contentUrl":"https:\/\/wohnsiegel.ch\/wp-content\/uploads\/2021\/09\/bg_about.jpg","width":1760,"height":600},{"@type":"BreadcrumbList","@id":"https:\/\/wohnsiegel.ch\/index.php\/about-us\/#breadcrumb","itemListElement":[{"@type":"ListItem","position":1,"name":"Startseite","item":"https:\/\/wohnsiegel.ch\/"},{"@type":"ListItem","position":2,"name":"\u00dcber mich"}]},{"@type":"WebSite","@id":"https:\/\/wohnsiegel.ch\/#website","url":"https:\/\/wohnsiegel.ch\/","name":"Wohnsiegel","description":"Immobilienberaterin Z\u00fcrich","potentialAction":[{"@type":"SearchAction","target":{"@type":"EntryPoint","urlTemplate":"https:\/\/wohnsiegel.ch\/?s={search_term_string}"},"query-input":{"@type":"PropertyValueSpecification","valueRequired":true,"valueName":"search_term_string"}}],"inLanguage":"de"}]}},"_links":{"self":[{"href":"https:\/\/wohnsiegel.ch\/index.php\/wp-json\/wp\/v2\/pages\/493","targetHints":{"allow":["GET"]}}],"collection":[{"href":"https:\/\/wohnsiegel.ch\/index.php\/wp-json\/wp\/v2\/pages"}],"about":[{"href":"https:\/\/wohnsiegel.ch\/index.php\/wp-json\/wp\/v2\/types\/page"}],"author":[{"embeddable":true,"href":"https:\/\/wohnsiegel.ch\/index.php\/wp-json\/wp\/v2\/users\/1"}],"replies":[{"embeddable":true,"href":"https:\/\/wohnsiegel.ch\/index.php\/wp-json\/wp\/v2\/comments?post=493"}],"version-history":[{"count":111,"href":"https:\/\/wohnsiegel.ch\/index.php\/wp-json\/wp\/v2\/pages\/493\/revisions"}],"predecessor-version":[{"id":6936,"href":"https:\/\/wohnsiegel.ch\/index.php\/wp-json\/wp\/v2\/pages\/493\/revisions\/6936"}],"wp:featuredmedia":[{"embeddable":true,"href":"https:\/\/wohnsiegel.ch\/index.php\/wp-json\/wp\/v2\/media\/2126"}],"wp:attachment":[{"href":"https:\/\/wohnsiegel.ch\/index.php\/wp-json\/wp\/v2\/media?parent=493"}],"curies":[{"name":"wp","href":"https:\/\/api.w.org\/{rel}","templated":true}]}}