{"id":549,"date":"2021-09-16T07:36:04","date_gmt":"2021-09-16T07:36:04","guid":{"rendered":"http:\/\/demo.ovathemes.com\/moore\/?page_id=549"},"modified":"2022-01-10T14:23:14","modified_gmt":"2022-01-10T14:23:14","slug":"residences","status":"publish","type":"page","link":"https:\/\/wohnsiegel.ch\/index.php\/residences\/","title":{"rendered":"Verkaufen &#038; Vermieten"},"content":{"rendered":"\t\t<div data-elementor-type=\"wp-page\" data-elementor-id=\"549\" class=\"elementor elementor-549\">\n\t\t\t\t\t\t<section class=\"elementor-section elementor-top-section elementor-element elementor-element-45825bf elementor-section-boxed elementor-section-height-default elementor-section-height-default\" data-id=\"45825bf\" data-element_type=\"section\">\n\t\t\t\t\t\t<div class=\"elementor-container elementor-column-gap-default\">\n\t\t\t\t\t<div class=\"elementor-column elementor-col-50 elementor-top-column elementor-element elementor-element-37453b5\" data-id=\"37453b5\" data-element_type=\"column\">\n\t\t\t<div class=\"elementor-widget-wrap elementor-element-populated\">\n\t\t\t\t\t\t<div class=\"elementor-element elementor-element-bf2c1f9 elementor-widget elementor-widget-image\" data-id=\"bf2c1f9\" data-element_type=\"widget\" data-widget_type=\"image.default\">\n\t\t\t\t<div class=\"elementor-widget-container\">\n\t\t\t\t\t\t\t\t\t\t\t\t\t\t\t<img fetchpriority=\"high\" decoding=\"async\" width=\"2560\" height=\"1920\" src=\"https:\/\/wohnsiegel.ch\/wp-content\/uploads\/2021\/12\/Bewertung-scaled.jpg\" class=\"attachment-full size-full wp-image-6632\" alt=\"\" srcset=\"https:\/\/wohnsiegel.ch\/wp-content\/uploads\/2021\/12\/Bewertung-scaled.jpg 2560w, https:\/\/wohnsiegel.ch\/wp-content\/uploads\/2021\/12\/Bewertung-300x225.jpg 300w, https:\/\/wohnsiegel.ch\/wp-content\/uploads\/2021\/12\/Bewertung-1024x768.jpg 1024w, https:\/\/wohnsiegel.ch\/wp-content\/uploads\/2021\/12\/Bewertung-768x576.jpg 768w, https:\/\/wohnsiegel.ch\/wp-content\/uploads\/2021\/12\/Bewertung-1536x1152.jpg 1536w, https:\/\/wohnsiegel.ch\/wp-content\/uploads\/2021\/12\/Bewertung-2048x1536.jpg 2048w, https:\/\/wohnsiegel.ch\/wp-content\/uploads\/2021\/12\/Bewertung-600x450.jpg 600w\" sizes=\"(max-width: 2560px) 100vw, 2560px\" \/>\t\t\t\t\t\t\t\t\t\t\t\t\t\t\t<\/div>\n\t\t\t\t<\/div>\n\t\t\t\t\t<\/div>\n\t\t<\/div>\n\t\t\t\t<div class=\"elementor-column elementor-col-50 elementor-top-column elementor-element elementor-element-d94aa6a\" data-id=\"d94aa6a\" data-element_type=\"column\">\n\t\t\t<div class=\"elementor-widget-wrap elementor-element-populated\">\n\t\t\t\t\t\t<div class=\"elementor-element elementor-element-973891e elementor-widget elementor-widget-moore_elementor_heading\" data-id=\"973891e\" data-element_type=\"widget\" data-widget_type=\"moore_elementor_heading.default\">\n\t\t\t\t<div class=\"elementor-widget-container\">\n\t\t\t\t\t         <div class=\"ova-heading\">\n\n\t\t\t<h2 class=\"title\">Bewertung<\/h2>\n\t\t \t\n\t    <\/div>\n\t\t \t\n\t\t\t\t\t\t<\/div>\n\t\t\t\t<\/div>\n\t\t\t\t<div class=\"elementor-element elementor-element-28c488c elementor-drop-cap-yes elementor-drop-cap-view-default elementor-widget elementor-widget-text-editor\" data-id=\"28c488c\" data-element_type=\"widget\" data-settings=\"{&quot;drop_cap&quot;:&quot;yes&quot;}\" data-widget_type=\"text-editor.default\">\n\t\t\t\t<div class=\"elementor-widget-container\">\n\t\t\t\t\t\t\t\t\t<p>Um einen g\u00e4ngigen Marktwert Ihrer Immobilie zu evaluieren, braucht es eine fundierte Sch\u00e4tzung.<\/p><p>Als Ihr unabh\u00e4ngiger und neutraler Immobilienspezialist nehmen wir Ihre Immobilie mit den zur Verf\u00fcgung stehenden Eckdaten in unseren Fokus und bewerten f\u00fcr Sie Ihr Eigenheim, Bauland oder Mehrfamilienhaus mit einer \u00fcbersichtlichten Kurzsch\u00e4tzung und unterbreiten Ihnen gerne unsere Dienstleistungsofferte.<\/p><p>Unsere Sch\u00e4tzungen werden mit den Finanzbranchen- Tool\u2019s vorgenommen und gew\u00e4hrleisten somit ein authentisches Markt- Ergebnis.<\/p>\t\t\t\t\t\t\t\t<\/div>\n\t\t\t\t<\/div>\n\t\t\t\t\t<\/div>\n\t\t<\/div>\n\t\t\t\t\t<\/div>\n\t\t<\/section>\n\t\t\t\t<section class=\"elementor-section elementor-top-section elementor-element elementor-element-0446b4b elementor-section-boxed elementor-section-height-default elementor-section-height-default\" data-id=\"0446b4b\" data-element_type=\"section\">\n\t\t\t\t\t\t<div class=\"elementor-container elementor-column-gap-default\">\n\t\t\t\t\t<div class=\"elementor-column elementor-col-50 elementor-top-column elementor-element elementor-element-8a4de86\" data-id=\"8a4de86\" data-element_type=\"column\">\n\t\t\t<div class=\"elementor-widget-wrap elementor-element-populated\">\n\t\t\t\t\t\t<div class=\"elementor-element elementor-element-bb56018 elementor-widget elementor-widget-moore_elementor_heading\" data-id=\"bb56018\" data-element_type=\"widget\" data-widget_type=\"moore_elementor_heading.default\">\n\t\t\t\t<div class=\"elementor-widget-container\">\n\t\t\t\t\t         <div class=\"ova-heading\">\n\n\t\t\t<h2 class=\"title\">Verkauf<\/h2>\n\t\t \t\n\t    <\/div>\n\t\t \t\n\t\t\t\t\t\t<\/div>\n\t\t\t\t<\/div>\n\t\t\t\t<div class=\"elementor-element elementor-element-3771d40 elementor-drop-cap-yes elementor-drop-cap-view-default elementor-widget elementor-widget-text-editor\" data-id=\"3771d40\" data-element_type=\"widget\" data-settings=\"{&quot;drop_cap&quot;:&quot;yes&quot;}\" data-widget_type=\"text-editor.default\">\n\t\t\t\t<div class=\"elementor-widget-container\">\n\t\t\t\t\t\t\t\t\t<p>Die Ver\u00e4usserung von H\u00e4usern, Wohnungen, Neubauprojekten sowie Grundst\u00fccken ist unser Fachgebiet.<\/p><p>Nach der profunden Markt- Analyse im Segment Ihres Eigenheim\u2019s und einer klaren Zielgruppen- Definierung, r\u00fccken wir Ihr zu ver\u00e4usserndes Schmuckst\u00fcck ins rechte Licht. Ausschlagkr\u00e4ftige Fakten, jahrelanges Know-How als auch \u00dcberzeugung und Leidenschaft zum Metier verhelfen zum Verkaufserfolg und zufriedenen K\u00e4ufern.<\/p><p>Sie legen den gesamten Verkaufsprozess von Beginn bis hin zur Schl\u00fcssel\u00fcbergabe in unsere H\u00e4nde und k\u00f6nnen auf uns bauen.<\/p><p>Zudem beraten wir Sie gerne bei einem bevorstehenden Immobilienkauf, pr\u00fcfen s\u00e4mtliche rechtliche Unterlagen, geben Auskunft zu baulichen Fragen und helfen Ihnen bei der Preisverhandlung, so dass Sie sorglos in Ihr neues Eigenheim einziehen k\u00f6nnen.<\/p>\t\t\t\t\t\t\t\t<\/div>\n\t\t\t\t<\/div>\n\t\t\t\t\t<\/div>\n\t\t<\/div>\n\t\t\t\t<div class=\"elementor-column elementor-col-50 elementor-top-column elementor-element elementor-element-4d9994a\" data-id=\"4d9994a\" data-element_type=\"column\">\n\t\t\t<div class=\"elementor-widget-wrap elementor-element-populated\">\n\t\t\t\t\t\t<div class=\"elementor-element elementor-element-f762e57 elementor-widget elementor-widget-image\" data-id=\"f762e57\" data-element_type=\"widget\" data-widget_type=\"image.default\">\n\t\t\t\t<div class=\"elementor-widget-container\">\n\t\t\t\t\t\t\t\t\t\t\t\t\t\t\t<img decoding=\"async\" width=\"2560\" height=\"1920\" src=\"https:\/\/wohnsiegel.ch\/wp-content\/uploads\/2021\/12\/verkauf-scaled.jpg\" class=\"attachment-full size-full wp-image-6634\" alt=\"\" srcset=\"https:\/\/wohnsiegel.ch\/wp-content\/uploads\/2021\/12\/verkauf-scaled.jpg 2560w, https:\/\/wohnsiegel.ch\/wp-content\/uploads\/2021\/12\/verkauf-300x225.jpg 300w, https:\/\/wohnsiegel.ch\/wp-content\/uploads\/2021\/12\/verkauf-1024x768.jpg 1024w, https:\/\/wohnsiegel.ch\/wp-content\/uploads\/2021\/12\/verkauf-768x576.jpg 768w, https:\/\/wohnsiegel.ch\/wp-content\/uploads\/2021\/12\/verkauf-1536x1152.jpg 1536w, https:\/\/wohnsiegel.ch\/wp-content\/uploads\/2021\/12\/verkauf-2048x1536.jpg 2048w, https:\/\/wohnsiegel.ch\/wp-content\/uploads\/2021\/12\/verkauf-600x450.jpg 600w\" sizes=\"(max-width: 2560px) 100vw, 2560px\" \/>\t\t\t\t\t\t\t\t\t\t\t\t\t\t\t<\/div>\n\t\t\t\t<\/div>\n\t\t\t\t\t<\/div>\n\t\t<\/div>\n\t\t\t\t\t<\/div>\n\t\t<\/section>\n\t\t\t\t<section class=\"elementor-section elementor-top-section elementor-element elementor-element-adab701 elementor-section-boxed elementor-section-height-default elementor-section-height-default\" data-id=\"adab701\" data-element_type=\"section\">\n\t\t\t\t\t\t<div class=\"elementor-container elementor-column-gap-default\">\n\t\t\t\t\t<div class=\"elementor-column elementor-col-50 elementor-top-column elementor-element elementor-element-e41c617\" data-id=\"e41c617\" data-element_type=\"column\">\n\t\t\t<div class=\"elementor-widget-wrap elementor-element-populated\">\n\t\t\t\t\t\t<div class=\"elementor-element elementor-element-5762842 elementor-widget elementor-widget-image\" data-id=\"5762842\" data-element_type=\"widget\" data-widget_type=\"image.default\">\n\t\t\t\t<div class=\"elementor-widget-container\">\n\t\t\t\t\t\t\t\t\t\t\t\t\t\t\t<img decoding=\"async\" width=\"2560\" height=\"1920\" src=\"https:\/\/wohnsiegel.ch\/wp-content\/uploads\/2021\/12\/kueche-scaled.jpg\" class=\"attachment-full size-full wp-image-6635\" alt=\"\" srcset=\"https:\/\/wohnsiegel.ch\/wp-content\/uploads\/2021\/12\/kueche-scaled.jpg 2560w, https:\/\/wohnsiegel.ch\/wp-content\/uploads\/2021\/12\/kueche-300x225.jpg 300w, https:\/\/wohnsiegel.ch\/wp-content\/uploads\/2021\/12\/kueche-1024x768.jpg 1024w, https:\/\/wohnsiegel.ch\/wp-content\/uploads\/2021\/12\/kueche-768x576.jpg 768w, https:\/\/wohnsiegel.ch\/wp-content\/uploads\/2021\/12\/kueche-1536x1152.jpg 1536w, https:\/\/wohnsiegel.ch\/wp-content\/uploads\/2021\/12\/kueche-2048x1536.jpg 2048w, https:\/\/wohnsiegel.ch\/wp-content\/uploads\/2021\/12\/kueche-600x450.jpg 600w\" sizes=\"(max-width: 2560px) 100vw, 2560px\" \/>\t\t\t\t\t\t\t\t\t\t\t\t\t\t\t<\/div>\n\t\t\t\t<\/div>\n\t\t\t\t\t<\/div>\n\t\t<\/div>\n\t\t\t\t<div class=\"elementor-column elementor-col-50 elementor-top-column elementor-element elementor-element-9ea44a7\" data-id=\"9ea44a7\" data-element_type=\"column\">\n\t\t\t<div class=\"elementor-widget-wrap elementor-element-populated\">\n\t\t\t\t\t\t<div class=\"elementor-element elementor-element-36a882f elementor-widget elementor-widget-moore_elementor_heading\" data-id=\"36a882f\" data-element_type=\"widget\" data-widget_type=\"moore_elementor_heading.default\">\n\t\t\t\t<div class=\"elementor-widget-container\">\n\t\t\t\t\t         <div class=\"ova-heading\">\n\n\t\t\t<h2 class=\"title\">Vermietung<\/h2>\n\t\t \t\n\t    <\/div>\n\t\t \t\n\t\t\t\t\t\t<\/div>\n\t\t\t\t<\/div>\n\t\t\t\t<div class=\"elementor-element elementor-element-14a0718 elementor-drop-cap-yes elementor-drop-cap-view-default elementor-widget elementor-widget-text-editor\" data-id=\"14a0718\" data-element_type=\"widget\" data-settings=\"{&quot;drop_cap&quot;:&quot;yes&quot;}\" data-widget_type=\"text-editor.default\">\n\t\t\t\t<div class=\"elementor-widget-container\">\n\t\t\t\t\t\t\t\t\t<div class=\"et_pb_module et_pb_text et_pb_text_0 et_pb_text_align_left et_pb_bg_layout_light\"><div class=\"et_pb_text_inner\"><p>F\u00fcr private Personen mit Einzel-Objekten vergleichen wir den aktuellen Immobilienmarkt und erstellen ein Kurzkonzept mit optimaler Preisfindung, um in einem f\u00fcr sie angemessenem Zeitraum Ihren idealen Mieter zu finden.<\/p><p>Anfragen f\u00fcr Vermietung von Gewerbeliegenschaften werden situativ gepr\u00fcft.<\/p><\/div><\/div>\t\t\t\t\t\t\t\t<\/div>\n\t\t\t\t<\/div>\n\t\t\t\t\t<\/div>\n\t\t<\/div>\n\t\t\t\t\t<\/div>\n\t\t<\/section>\n\t\t\t\t<section class=\"elementor-section elementor-top-section elementor-element elementor-element-4d126c9 elementor-section-boxed elementor-section-height-default elementor-section-height-default\" data-id=\"4d126c9\" data-element_type=\"section\">\n\t\t\t\t\t\t<div class=\"elementor-container elementor-column-gap-default\">\n\t\t\t\t\t<div class=\"elementor-column elementor-col-100 elementor-top-column elementor-element elementor-element-c08cccc\" data-id=\"c08cccc\" data-element_type=\"column\">\n\t\t\t<div class=\"elementor-widget-wrap elementor-element-populated\">\n\t\t\t\t\t\t<section class=\"elementor-section elementor-inner-section elementor-element elementor-element-0cd96cc elementor-section-boxed elementor-section-height-default elementor-section-height-default\" data-id=\"0cd96cc\" data-element_type=\"section\">\n\t\t\t\t\t\t<div class=\"elementor-container elementor-column-gap-default\">\n\t\t\t\t\t<div class=\"elementor-column elementor-col-25 elementor-inner-column elementor-element elementor-element-9e5a4c7\" data-id=\"9e5a4c7\" data-element_type=\"column\">\n\t\t\t<div class=\"elementor-widget-wrap elementor-element-populated\">\n\t\t\t\t\t\t<div class=\"elementor-element elementor-element-91d0300 elementor-widget elementor-widget-moore_elementor_gallery_category\" data-id=\"91d0300\" data-element_type=\"widget\" data-widget_type=\"moore_elementor_gallery_category.default\">\n\t\t\t\t<div class=\"elementor-widget-container\">\n\t\t\t\t\t\n                    <div class=\"ova-gallery-category\">\n\n\t\t\t\t\t<div class=\"image\">\n\t\t\t\t\t\t<img decoding=\"async\" src=\"https:\/\/wohnsiegel.ch\/wp-content\/uploads\/2021\/12\/sitz.jpg\" alt=\"Beratung beim Verkauf\">\t\t\n\t\t\t\t\t<\/div>  \n\t\t\t    \n\t\t\t\t<div class=\"info\">\n                    \n\t\t\t\t\t<h3 class=\"title\">\n\t\t\t\t\t\tBeratung beim Verkauf\t\t\t\t    <\/h3>\n\n\t\t\t\t\t\n\t\t\t\t\t\n\t\t\t\t\t\t<p class=\"description\">\n\t\t\t\t\t\t\tWas Sie alles beachten m\u00fcssen, wenn Sie eine Immobilie verkaufen. Wir helfen und beraten Sie neutral\t\t\t\t\t\t<\/p>\n\n\t\t\t\t\t\t\t\t\t<\/div>\n\n\t\t\t<\/div>\n\t\t  \n\t\t\t\t\t\t<\/div>\n\t\t\t\t<\/div>\n\t\t\t\t\t<\/div>\n\t\t<\/div>\n\t\t\t\t<div class=\"elementor-column elementor-col-25 elementor-inner-column elementor-element elementor-element-39ae346\" data-id=\"39ae346\" data-element_type=\"column\">\n\t\t\t<div class=\"elementor-widget-wrap elementor-element-populated\">\n\t\t\t\t\t\t<div class=\"elementor-element elementor-element-a39fd61 elementor-widget elementor-widget-moore_elementor_gallery_category\" data-id=\"a39fd61\" data-element_type=\"widget\" data-widget_type=\"moore_elementor_gallery_category.default\">\n\t\t\t\t<div class=\"elementor-widget-container\">\n\t\t\t\t\t\n                    <div class=\"ova-gallery-category\">\n\n\t\t\t\t\t<div class=\"image\">\n\t\t\t\t\t\t<img decoding=\"async\" src=\"https:\/\/wohnsiegel.ch\/wp-content\/uploads\/2021\/12\/offen.jpg\" alt=\"Beratung beim Kauf\">\t\t\n\t\t\t\t\t<\/div>  \n\t\t\t    \n\t\t\t\t<div class=\"info\">\n                    \n\t\t\t\t\t<h3 class=\"title\">\n\t\t\t\t\t\tBeratung beim Kauf\t\t\t\t    <\/h3>\n\n\t\t\t\t\t\n\t\t\t\t\t\n\t\t\t\t\t\t<p class=\"description\">\n\t\t\t\t\t\t\tWir begleiten Sie beim Kauf Ihrer Wunschimmobilie\t\t\t\t\t\t<\/p>\n\n\t\t\t\t\t\t\t\t\t<\/div>\n\n\t\t\t<\/div>\n\t\t  \n\t\t\t\t\t\t<\/div>\n\t\t\t\t<\/div>\n\t\t\t\t\t<\/div>\n\t\t<\/div>\n\t\t\t\t<div class=\"elementor-column elementor-col-25 elementor-inner-column elementor-element elementor-element-f4098ed\" data-id=\"f4098ed\" data-element_type=\"column\">\n\t\t\t<div class=\"elementor-widget-wrap elementor-element-populated\">\n\t\t\t\t\t\t<div class=\"elementor-element elementor-element-7851ea5 elementor-widget elementor-widget-moore_elementor_gallery_category\" data-id=\"7851ea5\" data-element_type=\"widget\" data-widget_type=\"moore_elementor_gallery_category.default\">\n\t\t\t\t<div class=\"elementor-widget-container\">\n\t\t\t\t\t\n                    <div class=\"ova-gallery-category\">\n\n\t\t\t\t\t<div class=\"image\">\n\t\t\t\t\t\t<img decoding=\"async\" src=\"https:\/\/wohnsiegel.ch\/wp-content\/uploads\/2021\/12\/badewanne.jpg\" alt=\"T\u00e4tigkeitsgebiet\">\t\t\n\t\t\t\t\t<\/div>  \n\t\t\t    \n\t\t\t\t<div class=\"info\">\n                    \n\t\t\t\t\t<h3 class=\"title\">\n\t\t\t\t\t\tT\u00e4tigkeitsgebiet\t\t\t\t    <\/h3>\n\n\t\t\t\t\t\n\t\t\t\t\t\n\t\t\t\t\t\t<p class=\"description\">\n\t\t\t\t\t\t\tWas wir f\u00fcr Sie und Ihre Immobilie tun\t\t\t\t\t\t<\/p>\n\n\t\t\t\t\t\t\t\t\t<\/div>\n\n\t\t\t<\/div>\n\t\t  \n\t\t\t\t\t\t<\/div>\n\t\t\t\t<\/div>\n\t\t\t\t\t<\/div>\n\t\t<\/div>\n\t\t\t\t<div class=\"elementor-column elementor-col-25 elementor-inner-column elementor-element elementor-element-34f18b7\" data-id=\"34f18b7\" data-element_type=\"column\">\n\t\t\t<div class=\"elementor-widget-wrap elementor-element-populated\">\n\t\t\t\t\t\t<div class=\"elementor-element elementor-element-6b749a4 elementor-widget elementor-widget-moore_elementor_gallery_category\" data-id=\"6b749a4\" data-element_type=\"widget\" data-widget_type=\"moore_elementor_gallery_category.default\">\n\t\t\t\t<div class=\"elementor-widget-container\">\n\t\t\t\t\t\n                    <div class=\"ova-gallery-category\">\n\n\t\t\t\t\t<div class=\"image\">\n\t\t\t\t\t\t<img decoding=\"async\" src=\"https:\/\/wohnsiegel.ch\/wp-content\/uploads\/2021\/12\/wohnzimmer.jpg\" alt=\"Beratung mit Herz\">\t\t\n\t\t\t\t\t<\/div>  \n\t\t\t    \n\t\t\t\t<div class=\"info\">\n                    \n\t\t\t\t\t<h3 class=\"title\">\n\t\t\t\t\t\tBeratung mit Herz\t\t\t\t    <\/h3>\n\n\t\t\t\t\t\n\t\t\t\t\t\n\t\t\t\t\t\t<p class=\"description\">\n\t\t\t\t\t\t\tWas wir tun, tun wir mit Herz und Elan. Damit Sie sich langfristig wohlf\u00fchlen\t\t\t\t\t\t<\/p>\n\n\t\t\t\t\t\t\t\t\t<\/div>\n\n\t\t\t<\/div>\n\t\t  \n\t\t\t\t\t\t<\/div>\n\t\t\t\t<\/div>\n\t\t\t\t\t<\/div>\n\t\t<\/div>\n\t\t\t\t\t<\/div>\n\t\t<\/section>\n\t\t\t\t<div class=\"elementor-element elementor-element-5d6eca2 elementor-align-center elementor-widget elementor-widget-button\" data-id=\"5d6eca2\" data-element_type=\"widget\" data-widget_type=\"button.default\">\n\t\t\t\t<div class=\"elementor-widget-container\">\n\t\t\t\t\t\t\t\t\t<div class=\"elementor-button-wrapper\">\n\t\t\t\t\t<a class=\"elementor-button elementor-button-link elementor-size-sm\" href=\"https:\/\/wohnsiegel.ch\/index.php\/contact\/\">\n\t\t\t\t\t\t<span class=\"elementor-button-content-wrapper\">\n\t\t\t\t\t\t\t\t\t<span class=\"elementor-button-text\">Kontaktieren Sie uns<\/span>\n\t\t\t\t\t<\/span>\n\t\t\t\t\t<\/a>\n\t\t\t\t<\/div>\n\t\t\t\t\t\t\t\t<\/div>\n\t\t\t\t<\/div>\n\t\t\t\t\t<\/div>\n\t\t<\/div>\n\t\t\t\t\t<\/div>\n\t\t<\/section>\n\t\t\t\t<\/div>\n\t\t","protected":false},"excerpt":{"rendered":"<p>Bewertung Um einen g\u00e4ngigen Marktwert Ihrer Immobilie zu evaluieren, braucht es eine fundierte Sch\u00e4tzung. Als Ihr unabh\u00e4ngiger und neutraler Immobilienspezialist nehmen wir Ihre Immobilie mit den zur Verf\u00fcgung stehenden Eckdaten in unseren Fokus und bewerten f\u00fcr Sie Ihr Eigenheim, Bauland oder Mehrfamilienhaus mit einer \u00fcbersichtlichten Kurzsch\u00e4tzung und unterbreiten Ihnen gerne unsere Dienstleistungsofferte. Unsere Sch\u00e4tzungen werden [&hellip;]<\/p>\n","protected":false},"author":1,"featured_media":2134,"parent":0,"menu_order":0,"comment_status":"closed","ping_status":"closed","template":"elementor_header_footer","meta":{"footnotes":""},"class_list":["post-549","page","type-page","status-publish","has-post-thumbnail","hentry"],"yoast_head":"<!-- This site is optimized with the Yoast SEO plugin v25.2 - https:\/\/yoast.com\/wordpress\/plugins\/seo\/ -->\n<title>Verkaufen &amp; Vermieten - Wohnsiegel<\/title>\n<meta name=\"robots\" content=\"index, follow, max-snippet:-1, max-image-preview:large, max-video-preview:-1\" \/>\n<link rel=\"canonical\" href=\"https:\/\/wohnsiegel.ch\/index.php\/residences\/\" \/>\n<meta property=\"og:locale\" content=\"de_DE\" \/>\n<meta property=\"og:type\" content=\"article\" \/>\n<meta property=\"og:title\" content=\"Verkaufen &amp; Vermieten - Wohnsiegel\" \/>\n<meta property=\"og:description\" content=\"Bewertung Um einen g\u00e4ngigen Marktwert Ihrer Immobilie zu evaluieren, braucht es eine fundierte Sch\u00e4tzung. Als Ihr unabh\u00e4ngiger und neutraler Immobilienspezialist nehmen wir Ihre Immobilie mit den zur Verf\u00fcgung stehenden Eckdaten in unseren Fokus und bewerten f\u00fcr Sie Ihr Eigenheim, Bauland oder Mehrfamilienhaus mit einer \u00fcbersichtlichten Kurzsch\u00e4tzung und unterbreiten Ihnen gerne unsere Dienstleistungsofferte. Unsere Sch\u00e4tzungen werden [&hellip;]\" \/>\n<meta property=\"og:url\" content=\"https:\/\/wohnsiegel.ch\/index.php\/residences\/\" \/>\n<meta property=\"og:site_name\" content=\"Wohnsiegel\" \/>\n<meta property=\"article:modified_time\" content=\"2022-01-10T14:23:14+00:00\" \/>\n<meta property=\"og:image\" content=\"https:\/\/wohnsiegel.ch\/wp-content\/uploads\/2021\/09\/bg_residences.jpg\" \/>\n\t<meta property=\"og:image:width\" content=\"1760\" \/>\n\t<meta property=\"og:image:height\" content=\"600\" \/>\n\t<meta property=\"og:image:type\" content=\"image\/jpeg\" \/>\n<meta name=\"twitter:card\" content=\"summary_large_image\" \/>\n<meta name=\"twitter:label1\" content=\"Gesch\u00e4tzte Lesezeit\" \/>\n\t<meta name=\"twitter:data1\" content=\"3\u00a0Minuten\" \/>\n<script type=\"application\/ld+json\" class=\"yoast-schema-graph\">{\"@context\":\"https:\/\/schema.org\",\"@graph\":[{\"@type\":\"WebPage\",\"@id\":\"https:\/\/wohnsiegel.ch\/index.php\/residences\/\",\"url\":\"https:\/\/wohnsiegel.ch\/index.php\/residences\/\",\"name\":\"Verkaufen & Vermieten - Wohnsiegel\",\"isPartOf\":{\"@id\":\"https:\/\/wohnsiegel.ch\/#website\"},\"primaryImageOfPage\":{\"@id\":\"https:\/\/wohnsiegel.ch\/index.php\/residences\/#primaryimage\"},\"image\":{\"@id\":\"https:\/\/wohnsiegel.ch\/index.php\/residences\/#primaryimage\"},\"thumbnailUrl\":\"https:\/\/wohnsiegel.ch\/wp-content\/uploads\/2021\/09\/bg_residences.jpg\",\"datePublished\":\"2021-09-16T07:36:04+00:00\",\"dateModified\":\"2022-01-10T14:23:14+00:00\",\"breadcrumb\":{\"@id\":\"https:\/\/wohnsiegel.ch\/index.php\/residences\/#breadcrumb\"},\"inLanguage\":\"de\",\"potentialAction\":[{\"@type\":\"ReadAction\",\"target\":[\"https:\/\/wohnsiegel.ch\/index.php\/residences\/\"]}]},{\"@type\":\"ImageObject\",\"inLanguage\":\"de\",\"@id\":\"https:\/\/wohnsiegel.ch\/index.php\/residences\/#primaryimage\",\"url\":\"https:\/\/wohnsiegel.ch\/wp-content\/uploads\/2021\/09\/bg_residences.jpg\",\"contentUrl\":\"https:\/\/wohnsiegel.ch\/wp-content\/uploads\/2021\/09\/bg_residences.jpg\",\"width\":1760,\"height\":600},{\"@type\":\"BreadcrumbList\",\"@id\":\"https:\/\/wohnsiegel.ch\/index.php\/residences\/#breadcrumb\",\"itemListElement\":[{\"@type\":\"ListItem\",\"position\":1,\"name\":\"Startseite\",\"item\":\"https:\/\/wohnsiegel.ch\/\"},{\"@type\":\"ListItem\",\"position\":2,\"name\":\"Verkaufen &#038; Vermieten\"}]},{\"@type\":\"WebSite\",\"@id\":\"https:\/\/wohnsiegel.ch\/#website\",\"url\":\"https:\/\/wohnsiegel.ch\/\",\"name\":\"Wohnsiegel\",\"description\":\"Immobilienberaterin Z\u00fcrich\",\"potentialAction\":[{\"@type\":\"SearchAction\",\"target\":{\"@type\":\"EntryPoint\",\"urlTemplate\":\"https:\/\/wohnsiegel.ch\/?s={search_term_string}\"},\"query-input\":{\"@type\":\"PropertyValueSpecification\",\"valueRequired\":true,\"valueName\":\"search_term_string\"}}],\"inLanguage\":\"de\"}]}<\/script>\n<!-- \/ Yoast SEO plugin. -->","yoast_head_json":{"title":"Verkaufen & Vermieten - Wohnsiegel","robots":{"index":"index","follow":"follow","max-snippet":"max-snippet:-1","max-image-preview":"max-image-preview:large","max-video-preview":"max-video-preview:-1"},"canonical":"https:\/\/wohnsiegel.ch\/index.php\/residences\/","og_locale":"de_DE","og_type":"article","og_title":"Verkaufen & Vermieten - Wohnsiegel","og_description":"Bewertung Um einen g\u00e4ngigen Marktwert Ihrer Immobilie zu evaluieren, braucht es eine fundierte Sch\u00e4tzung. Als Ihr unabh\u00e4ngiger und neutraler Immobilienspezialist nehmen wir Ihre Immobilie mit den zur Verf\u00fcgung stehenden Eckdaten in unseren Fokus und bewerten f\u00fcr Sie Ihr Eigenheim, Bauland oder Mehrfamilienhaus mit einer \u00fcbersichtlichten Kurzsch\u00e4tzung und unterbreiten Ihnen gerne unsere Dienstleistungsofferte. Unsere Sch\u00e4tzungen werden [&hellip;]","og_url":"https:\/\/wohnsiegel.ch\/index.php\/residences\/","og_site_name":"Wohnsiegel","article_modified_time":"2022-01-10T14:23:14+00:00","og_image":[{"width":1760,"height":600,"url":"https:\/\/wohnsiegel.ch\/wp-content\/uploads\/2021\/09\/bg_residences.jpg","type":"image\/jpeg"}],"twitter_card":"summary_large_image","twitter_misc":{"Gesch\u00e4tzte Lesezeit":"3\u00a0Minuten"},"schema":{"@context":"https:\/\/schema.org","@graph":[{"@type":"WebPage","@id":"https:\/\/wohnsiegel.ch\/index.php\/residences\/","url":"https:\/\/wohnsiegel.ch\/index.php\/residences\/","name":"Verkaufen & Vermieten - Wohnsiegel","isPartOf":{"@id":"https:\/\/wohnsiegel.ch\/#website"},"primaryImageOfPage":{"@id":"https:\/\/wohnsiegel.ch\/index.php\/residences\/#primaryimage"},"image":{"@id":"https:\/\/wohnsiegel.ch\/index.php\/residences\/#primaryimage"},"thumbnailUrl":"https:\/\/wohnsiegel.ch\/wp-content\/uploads\/2021\/09\/bg_residences.jpg","datePublished":"2021-09-16T07:36:04+00:00","dateModified":"2022-01-10T14:23:14+00:00","breadcrumb":{"@id":"https:\/\/wohnsiegel.ch\/index.php\/residences\/#breadcrumb"},"inLanguage":"de","potentialAction":[{"@type":"ReadAction","target":["https:\/\/wohnsiegel.ch\/index.php\/residences\/"]}]},{"@type":"ImageObject","inLanguage":"de","@id":"https:\/\/wohnsiegel.ch\/index.php\/residences\/#primaryimage","url":"https:\/\/wohnsiegel.ch\/wp-content\/uploads\/2021\/09\/bg_residences.jpg","contentUrl":"https:\/\/wohnsiegel.ch\/wp-content\/uploads\/2021\/09\/bg_residences.jpg","width":1760,"height":600},{"@type":"BreadcrumbList","@id":"https:\/\/wohnsiegel.ch\/index.php\/residences\/#breadcrumb","itemListElement":[{"@type":"ListItem","position":1,"name":"Startseite","item":"https:\/\/wohnsiegel.ch\/"},{"@type":"ListItem","position":2,"name":"Verkaufen &#038; Vermieten"}]},{"@type":"WebSite","@id":"https:\/\/wohnsiegel.ch\/#website","url":"https:\/\/wohnsiegel.ch\/","name":"Wohnsiegel","description":"Immobilienberaterin Z\u00fcrich","potentialAction":[{"@type":"SearchAction","target":{"@type":"EntryPoint","urlTemplate":"https:\/\/wohnsiegel.ch\/?s={search_term_string}"},"query-input":{"@type":"PropertyValueSpecification","valueRequired":true,"valueName":"search_term_string"}}],"inLanguage":"de"}]}},"_links":{"self":[{"href":"https:\/\/wohnsiegel.ch\/index.php\/wp-json\/wp\/v2\/pages\/549","targetHints":{"allow":["GET"]}}],"collection":[{"href":"https:\/\/wohnsiegel.ch\/index.php\/wp-json\/wp\/v2\/pages"}],"about":[{"href":"https:\/\/wohnsiegel.ch\/index.php\/wp-json\/wp\/v2\/types\/page"}],"author":[{"embeddable":true,"href":"https:\/\/wohnsiegel.ch\/index.php\/wp-json\/wp\/v2\/users\/1"}],"replies":[{"embeddable":true,"href":"https:\/\/wohnsiegel.ch\/index.php\/wp-json\/wp\/v2\/comments?post=549"}],"version-history":[{"count":109,"href":"https:\/\/wohnsiegel.ch\/index.php\/wp-json\/wp\/v2\/pages\/549\/revisions"}],"predecessor-version":[{"id":6802,"href":"https:\/\/wohnsiegel.ch\/index.php\/wp-json\/wp\/v2\/pages\/549\/revisions\/6802"}],"wp:featuredmedia":[{"embeddable":true,"href":"https:\/\/wohnsiegel.ch\/index.php\/wp-json\/wp\/v2\/media\/2134"}],"wp:attachment":[{"href":"https:\/\/wohnsiegel.ch\/index.php\/wp-json\/wp\/v2\/media?parent=549"}],"curies":[{"name":"wp","href":"https:\/\/api.w.org\/{rel}","templated":true}]}}