{"id":6816,"date":"2022-01-12T13:16:24","date_gmt":"2022-01-12T13:16:24","guid":{"rendered":"https:\/\/wohnsiegel.ch\/?page_id=6816"},"modified":"2022-10-02T14:55:25","modified_gmt":"2022-10-02T14:55:25","slug":"impressum","status":"publish","type":"page","link":"https:\/\/wohnsiegel.ch\/index.php\/impressum\/","title":{"rendered":"Impressum"},"content":{"rendered":"\t\t<div data-elementor-type=\"wp-page\" data-elementor-id=\"6816\" class=\"elementor elementor-6816\">\n\t\t\t\t\t\t<section class=\"elementor-section elementor-top-section elementor-element elementor-element-bf13940 elementor-section-boxed elementor-section-height-default elementor-section-height-default\" data-id=\"bf13940\" data-element_type=\"section\">\n\t\t\t\t\t\t<div class=\"elementor-container elementor-column-gap-default\">\n\t\t\t\t\t<div class=\"elementor-column elementor-col-100 elementor-top-column elementor-element elementor-element-2954a4d\" data-id=\"2954a4d\" data-element_type=\"column\">\n\t\t\t<div class=\"elementor-widget-wrap elementor-element-populated\">\n\t\t\t\t\t\t<div class=\"elementor-element elementor-element-86ca435 elementor-widget elementor-widget-moore_elementor_heading\" data-id=\"86ca435\" data-element_type=\"widget\" data-widget_type=\"moore_elementor_heading.default\">\n\t\t\t\t<div class=\"elementor-widget-container\">\n\t\t\t\t\t         <div class=\"ova-heading\">\n\n\t\t\t<h2 class=\"title\">Impressum<\/h2>\n\t\t \t\n\t    <\/div>\n\t\t \t\n\t\t\t\t\t\t<\/div>\n\t\t\t\t<\/div>\n\t\t\t\t\t<\/div>\n\t\t<\/div>\n\t\t\t\t\t<\/div>\n\t\t<\/section>\n\t\t\t\t<section class=\"elementor-section elementor-top-section elementor-element elementor-element-4518bfa elementor-section-boxed elementor-section-height-default elementor-section-height-default\" data-id=\"4518bfa\" data-element_type=\"section\">\n\t\t\t\t\t\t<div class=\"elementor-container elementor-column-gap-default\">\n\t\t\t\t\t<div class=\"elementor-column elementor-col-100 elementor-top-column elementor-element elementor-element-423461c\" data-id=\"423461c\" data-element_type=\"column\">\n\t\t\t<div class=\"elementor-widget-wrap elementor-element-populated\">\n\t\t\t\t\t\t<section class=\"elementor-section elementor-inner-section elementor-element elementor-element-3d0a567 elementor-section-boxed elementor-section-height-default elementor-section-height-default\" data-id=\"3d0a567\" data-element_type=\"section\">\n\t\t\t\t\t\t<div class=\"elementor-container elementor-column-gap-default\">\n\t\t\t\t\t<div class=\"elementor-column elementor-col-50 elementor-inner-column elementor-element elementor-element-294fb8a\" data-id=\"294fb8a\" data-element_type=\"column\">\n\t\t\t<div class=\"elementor-widget-wrap elementor-element-populated\">\n\t\t\t\t\t\t<div class=\"elementor-element elementor-element-54d2745 elementor-widget elementor-widget-text-editor\" data-id=\"54d2745\" data-element_type=\"widget\" data-widget_type=\"text-editor.default\">\n\t\t\t\t<div class=\"elementor-widget-container\">\n\t\t\t\t\t\t\t\t\t<h3>Inhaberin<\/h3>\n<p>WohnSiegel Immobilien<\/p>\n<p>Martina Dal-Pont<br>Bahnhofstrasse 26<br>8620 Wetzikon<br><\/p>\n<p>+41 55 534 88 55<\/p>\n<p><a href=\"mailto:info@wohnsiegel.ch\">info@wohnsiegel.ch<\/a><\/p>\t\t\t\t\t\t\t\t<\/div>\n\t\t\t\t<\/div>\n\t\t\t\t\t<\/div>\n\t\t<\/div>\n\t\t\t\t<div class=\"elementor-column elementor-col-50 elementor-inner-column elementor-element elementor-element-6e1ed4f\" data-id=\"6e1ed4f\" data-element_type=\"column\">\n\t\t\t<div class=\"elementor-widget-wrap elementor-element-populated\">\n\t\t\t\t\t\t<div class=\"elementor-element elementor-element-938d535 elementor-widget elementor-widget-text-editor\" data-id=\"938d535\" data-element_type=\"widget\" data-widget_type=\"text-editor.default\">\n\t\t\t\t<div class=\"elementor-widget-container\">\n\t\t\t\t\t\t\t\t\t<p><strong>Immobilien-Plattform<\/strong><br \/>Casasoft AG<br \/>M\u00fclig\u00e4ssli 1<br \/>8598 Bottighofen<br \/><a title=\"Casasoft AG\" href=\"http:\/\/casasoft.ch\/\" target=\"_blank\" rel=\"noopener noreferrer\">www.casasoft.ch<\/a><\/p><p>\u00a0<\/p><p><strong>Haftungshinweis<\/strong><br \/>Trotz sorgf\u00e4ltiger inhaltlicher Kontrolle \u00fcbernehmen wir keine Haftung f\u00fcr die Inhalte externer Links. F\u00fcr den Inhalt der verlinkten Seiten sind ausschliesslich deren Betreiber verantwortlich.<\/p>\t\t\t\t\t\t\t\t<\/div>\n\t\t\t\t<\/div>\n\t\t\t\t\t<\/div>\n\t\t<\/div>\n\t\t\t\t\t<\/div>\n\t\t<\/section>\n\t\t\t\t\t<\/div>\n\t\t<\/div>\n\t\t\t\t\t<\/div>\n\t\t<\/section>\n\t\t\t\t<\/div>\n\t\t","protected":false},"excerpt":{"rendered":"<p>Impressum Inhaberin WohnSiegel Immobilien Martina Dal-PontBahnhofstrasse 268620 Wetzikon +41 55 534 88 55 info@wohnsiegel.ch Immobilien-PlattformCasasoft AGM\u00fclig\u00e4ssli 18598 Bottighofenwww.casasoft.ch \u00a0 HaftungshinweisTrotz sorgf\u00e4ltiger inhaltlicher Kontrolle \u00fcbernehmen wir keine Haftung f\u00fcr die Inhalte externer Links. F\u00fcr den Inhalt der verlinkten Seiten sind ausschliesslich deren Betreiber verantwortlich.<\/p>\n","protected":false},"author":1,"featured_media":0,"parent":0,"menu_order":0,"comment_status":"closed","ping_status":"closed","template":"elementor_header_footer","meta":{"footnotes":""},"class_list":["post-6816","page","type-page","status-publish","hentry"],"yoast_head":"<!-- This site is optimized with the Yoast SEO plugin v25.2 - https:\/\/yoast.com\/wordpress\/plugins\/seo\/ -->\n<title>Impressum - Wohnsiegel<\/title>\n<meta name=\"robots\" content=\"index, follow, max-snippet:-1, max-image-preview:large, max-video-preview:-1\" \/>\n<link rel=\"canonical\" href=\"https:\/\/wohnsiegel.ch\/index.php\/impressum\/\" \/>\n<meta property=\"og:locale\" content=\"de_DE\" \/>\n<meta property=\"og:type\" content=\"article\" \/>\n<meta property=\"og:title\" content=\"Impressum - Wohnsiegel\" \/>\n<meta property=\"og:description\" content=\"Impressum Inhaberin WohnSiegel Immobilien Martina Dal-PontBahnhofstrasse 268620 Wetzikon +41 55 534 88 55 info@wohnsiegel.ch Immobilien-PlattformCasasoft AGM\u00fclig\u00e4ssli 18598 Bottighofenwww.casasoft.ch \u00a0 HaftungshinweisTrotz sorgf\u00e4ltiger inhaltlicher Kontrolle \u00fcbernehmen wir keine Haftung f\u00fcr die Inhalte externer Links. F\u00fcr den Inhalt der verlinkten Seiten sind ausschliesslich deren Betreiber verantwortlich.\" \/>\n<meta property=\"og:url\" content=\"https:\/\/wohnsiegel.ch\/index.php\/impressum\/\" \/>\n<meta property=\"og:site_name\" content=\"Wohnsiegel\" \/>\n<meta property=\"article:modified_time\" content=\"2022-10-02T14:55:25+00:00\" \/>\n<meta name=\"twitter:card\" content=\"summary_large_image\" \/>\n<meta name=\"twitter:label1\" content=\"Gesch\u00e4tzte Lesezeit\" \/>\n\t<meta name=\"twitter:data1\" content=\"1\u00a0Minute\" \/>\n<script type=\"application\/ld+json\" class=\"yoast-schema-graph\">{\"@context\":\"https:\/\/schema.org\",\"@graph\":[{\"@type\":\"WebPage\",\"@id\":\"https:\/\/wohnsiegel.ch\/index.php\/impressum\/\",\"url\":\"https:\/\/wohnsiegel.ch\/index.php\/impressum\/\",\"name\":\"Impressum - Wohnsiegel\",\"isPartOf\":{\"@id\":\"https:\/\/wohnsiegel.ch\/#website\"},\"datePublished\":\"2022-01-12T13:16:24+00:00\",\"dateModified\":\"2022-10-02T14:55:25+00:00\",\"breadcrumb\":{\"@id\":\"https:\/\/wohnsiegel.ch\/index.php\/impressum\/#breadcrumb\"},\"inLanguage\":\"de\",\"potentialAction\":[{\"@type\":\"ReadAction\",\"target\":[\"https:\/\/wohnsiegel.ch\/index.php\/impressum\/\"]}]},{\"@type\":\"BreadcrumbList\",\"@id\":\"https:\/\/wohnsiegel.ch\/index.php\/impressum\/#breadcrumb\",\"itemListElement\":[{\"@type\":\"ListItem\",\"position\":1,\"name\":\"Startseite\",\"item\":\"https:\/\/wohnsiegel.ch\/\"},{\"@type\":\"ListItem\",\"position\":2,\"name\":\"Impressum\"}]},{\"@type\":\"WebSite\",\"@id\":\"https:\/\/wohnsiegel.ch\/#website\",\"url\":\"https:\/\/wohnsiegel.ch\/\",\"name\":\"Wohnsiegel\",\"description\":\"Immobilienberaterin Z\u00fcrich\",\"potentialAction\":[{\"@type\":\"SearchAction\",\"target\":{\"@type\":\"EntryPoint\",\"urlTemplate\":\"https:\/\/wohnsiegel.ch\/?s={search_term_string}\"},\"query-input\":{\"@type\":\"PropertyValueSpecification\",\"valueRequired\":true,\"valueName\":\"search_term_string\"}}],\"inLanguage\":\"de\"}]}<\/script>\n<!-- \/ Yoast SEO plugin. -->","yoast_head_json":{"title":"Impressum - Wohnsiegel","robots":{"index":"index","follow":"follow","max-snippet":"max-snippet:-1","max-image-preview":"max-image-preview:large","max-video-preview":"max-video-preview:-1"},"canonical":"https:\/\/wohnsiegel.ch\/index.php\/impressum\/","og_locale":"de_DE","og_type":"article","og_title":"Impressum - Wohnsiegel","og_description":"Impressum Inhaberin WohnSiegel Immobilien Martina Dal-PontBahnhofstrasse 268620 Wetzikon +41 55 534 88 55 info@wohnsiegel.ch Immobilien-PlattformCasasoft AGM\u00fclig\u00e4ssli 18598 Bottighofenwww.casasoft.ch \u00a0 HaftungshinweisTrotz sorgf\u00e4ltiger inhaltlicher Kontrolle \u00fcbernehmen wir keine Haftung f\u00fcr die Inhalte externer Links. F\u00fcr den Inhalt der verlinkten Seiten sind ausschliesslich deren Betreiber verantwortlich.","og_url":"https:\/\/wohnsiegel.ch\/index.php\/impressum\/","og_site_name":"Wohnsiegel","article_modified_time":"2022-10-02T14:55:25+00:00","twitter_card":"summary_large_image","twitter_misc":{"Gesch\u00e4tzte Lesezeit":"1\u00a0Minute"},"schema":{"@context":"https:\/\/schema.org","@graph":[{"@type":"WebPage","@id":"https:\/\/wohnsiegel.ch\/index.php\/impressum\/","url":"https:\/\/wohnsiegel.ch\/index.php\/impressum\/","name":"Impressum - Wohnsiegel","isPartOf":{"@id":"https:\/\/wohnsiegel.ch\/#website"},"datePublished":"2022-01-12T13:16:24+00:00","dateModified":"2022-10-02T14:55:25+00:00","breadcrumb":{"@id":"https:\/\/wohnsiegel.ch\/index.php\/impressum\/#breadcrumb"},"inLanguage":"de","potentialAction":[{"@type":"ReadAction","target":["https:\/\/wohnsiegel.ch\/index.php\/impressum\/"]}]},{"@type":"BreadcrumbList","@id":"https:\/\/wohnsiegel.ch\/index.php\/impressum\/#breadcrumb","itemListElement":[{"@type":"ListItem","position":1,"name":"Startseite","item":"https:\/\/wohnsiegel.ch\/"},{"@type":"ListItem","position":2,"name":"Impressum"}]},{"@type":"WebSite","@id":"https:\/\/wohnsiegel.ch\/#website","url":"https:\/\/wohnsiegel.ch\/","name":"Wohnsiegel","description":"Immobilienberaterin Z\u00fcrich","potentialAction":[{"@type":"SearchAction","target":{"@type":"EntryPoint","urlTemplate":"https:\/\/wohnsiegel.ch\/?s={search_term_string}"},"query-input":{"@type":"PropertyValueSpecification","valueRequired":true,"valueName":"search_term_string"}}],"inLanguage":"de"}]}},"_links":{"self":[{"href":"https:\/\/wohnsiegel.ch\/index.php\/wp-json\/wp\/v2\/pages\/6816","targetHints":{"allow":["GET"]}}],"collection":[{"href":"https:\/\/wohnsiegel.ch\/index.php\/wp-json\/wp\/v2\/pages"}],"about":[{"href":"https:\/\/wohnsiegel.ch\/index.php\/wp-json\/wp\/v2\/types\/page"}],"author":[{"embeddable":true,"href":"https:\/\/wohnsiegel.ch\/index.php\/wp-json\/wp\/v2\/users\/1"}],"replies":[{"embeddable":true,"href":"https:\/\/wohnsiegel.ch\/index.php\/wp-json\/wp\/v2\/comments?post=6816"}],"version-history":[{"count":26,"href":"https:\/\/wohnsiegel.ch\/index.php\/wp-json\/wp\/v2\/pages\/6816\/revisions"}],"predecessor-version":[{"id":6884,"href":"https:\/\/wohnsiegel.ch\/index.php\/wp-json\/wp\/v2\/pages\/6816\/revisions\/6884"}],"wp:attachment":[{"href":"https:\/\/wohnsiegel.ch\/index.php\/wp-json\/wp\/v2\/media?parent=6816"}],"curies":[{"name":"wp","href":"https:\/\/api.w.org\/{rel}","templated":true}]}}