{"id":6829,"date":"2022-01-12T13:20:22","date_gmt":"2022-01-12T13:20:22","guid":{"rendered":"https:\/\/wohnsiegel.ch\/?page_id=6829"},"modified":"2025-06-06T13:31:58","modified_gmt":"2025-06-06T13:31:58","slug":"datenschutz","status":"publish","type":"page","link":"https:\/\/wohnsiegel.ch\/index.php\/datenschutz\/","title":{"rendered":"Datenschutz"},"content":{"rendered":"\t\t<div data-elementor-type=\"wp-page\" data-elementor-id=\"6829\" class=\"elementor elementor-6829\">\n\t\t\t\t\t\t<section class=\"elementor-section elementor-top-section elementor-element elementor-element-bf13940 elementor-section-boxed elementor-section-height-default elementor-section-height-default\" data-id=\"bf13940\" data-element_type=\"section\">\n\t\t\t\t\t\t<div class=\"elementor-container elementor-column-gap-default\">\n\t\t\t\t\t<div class=\"elementor-column elementor-col-100 elementor-top-column elementor-element elementor-element-2954a4d\" data-id=\"2954a4d\" data-element_type=\"column\">\n\t\t\t<div class=\"elementor-widget-wrap elementor-element-populated\">\n\t\t\t\t\t\t<div class=\"elementor-element elementor-element-86ca435 elementor-widget elementor-widget-moore_elementor_heading\" data-id=\"86ca435\" data-element_type=\"widget\" data-widget_type=\"moore_elementor_heading.default\">\n\t\t\t\t<div class=\"elementor-widget-container\">\n\t\t\t\t\t         <div class=\"ova-heading\">\n\n\t\t\t<h2 class=\"title\">Datenschutz<\/h2>\n\t\t \t\n\t    <\/div>\n\t\t \t\n\t\t\t\t\t\t<\/div>\n\t\t\t\t<\/div>\n\t\t\t\t\t<\/div>\n\t\t<\/div>\n\t\t\t\t\t<\/div>\n\t\t<\/section>\n\t\t\t\t<section class=\"elementor-section elementor-top-section elementor-element elementor-element-4518bfa elementor-section-boxed elementor-section-height-default elementor-section-height-default\" data-id=\"4518bfa\" data-element_type=\"section\">\n\t\t\t\t\t\t<div class=\"elementor-container elementor-column-gap-default\">\n\t\t\t\t\t<div class=\"elementor-column elementor-col-100 elementor-top-column elementor-element elementor-element-423461c\" data-id=\"423461c\" data-element_type=\"column\">\n\t\t\t<div class=\"elementor-widget-wrap elementor-element-populated\">\n\t\t\t\t\t\t<div class=\"elementor-element elementor-element-c2d7d9e elementor-widget elementor-widget-text-editor\" data-id=\"c2d7d9e\" data-element_type=\"widget\" data-widget_type=\"text-editor.default\">\n\t\t\t\t<div class=\"elementor-widget-container\">\n\t\t\t\t\t\t\t\t\t<p><strong>Datenschutzerkl\u00e4rung<\/strong><\/p><p>Stand 15. Mai 2025<\/p><p>\u00a0<\/p><p>Unsere Website unterliegt dem schweizerischen Recht zum Datenschutz, insbesondere gem\u00e4ss dem Bundesgesetz \u00fcber den Datenschutz (DSG) vom 25. September 2020. Wir erachten den Schutz Ihrer Privatsph\u00e4re als wichtig und informieren Sie deshalb nachfolgend ausf\u00fchrlich \u00fcber unseren Umgang mit Ihren Personendaten auf dieser Website.<\/p><p>\u00a0<\/p><p><strong>1. Wer wir sind<\/strong><\/p><p>WohnSiegel Immobilien, Frau Martina Dal-Pont, Bahnhofstrasse 26, 8620 Wetzikon (\u201ewir\u201c, oder \u201euns\u201c, oder \u201eunsere\u201c) ist zust\u00e4ndig f\u00fcr Ihre Personendaten. Diese Datenschutzerkl\u00e4rung erkl\u00e4rt wie Ihre Personendaten bearbeitet werden k\u00f6nnen und was Ihre Rechte dabei sind.<\/p><p>Bitte beachten Sie, dass diese Datenschutzerkl\u00e4rung von Zeit zu Zeit aktualisiert und angepasst werden kann, ohne Sie pers\u00f6nlich dar\u00fcber zu informieren. Wir empfehlen daher dass Sie diese Datenschutzerkl\u00e4rung regelm\u00e4ssig konsultieren und entsprechende \u00c4nderungen zur Kenntnis nehmen.<\/p><p>\u00a0<\/p><p><strong>2. Welche Personendaten k\u00f6nnen bei einer Kontaktaufnahme bearbeitet werden<\/strong><\/p><p>WohnSiegel Immobilien erhebt Personendaten, wenn Sie Kontakt mit uns aufnehmen, z.B. \u00fcber das bereitgestellte Kontaktformular oder ein Inserat auf der Webseite www.wohnsiegel.ch und wenn Sie uns direkt kontaktieren. Dabei k\u00f6nnen Angaben wie Ihr Name, Ihre E-Mail-Adresse oder Ihre Telefonnummer sowie weitere von Ihnen zus\u00e4tzlich ben\u00f6tigte oder freiwillig bereitgestellte Informationen bearbeitet werden. Welche Personendaten bearbeitet werden, ergibt sich jeweils aus den abgefragten Angaben sowie aus den weiteren von Ihnen ben\u00f6tigten oder freiwillig bereitgestellten Informationen.<\/p><p>Wir verarbeiten diese Daten, um mit Ihnen zu kommunizieren, um Ihnen unsere Dienstleistungen anzubieten, um eine allf\u00e4llige Vertragsbeziehung mit Ihnen zu verwalten und weiterzuentwickeln, um m\u00f6gliche Dienstleistungen zu identifizieren, an denen Sie interessiert sein k\u00f6nnten, und um Ihnen unsere Dienstleistungen in Rechnung zu stellen. Wir k\u00f6nnen diese Informationen auch f\u00fcr die Geltendmachung, Durchsetzung und Verteidigung von Rechtsanspr\u00fcchen verarbeiten.<\/p><p>Die Rechtsgrundlage f\u00fcr die Verarbeitung Ihrer Personendaten zu den vorgenannten Zwecken liegt in vorvertraglichen Massnahmen, der Durchf\u00fchrung eines allf\u00e4lligen Vertrages sowie in unserem berechtigten Interesse.<\/p><p>Nach Beendigung eines Vertragsverh\u00e4ltnisses k\u00f6nnen wir verpflichtet sein, Ihre Personendaten zur Erf\u00fcllung gesetzlicher oder regulatorischer Verpflichtungen zu speichern. Wir k\u00f6nnen Ihre Personendaten auch zur Geltendmachung, Durchsetzung und Verteidigung von Rechtsanspr\u00fcchen speichern. Ihre Personendaten werden nach Beendigung eines Vertragsverh\u00e4ltnisses mit uns zehn Jahre lang gespeichert. Sie k\u00f6nnen die L\u00f6schung Ihrer Personendaten vor Ablauf dieser Aufbewahrungsfrist verlangen, sofern keine gesetzlichen oder regulatorischen Verpflichtungen, oder die Geltendmachung, Durchsetzung und Verteidigung von Rechtsanspr\u00fcchen uns an der L\u00f6schung Ihrer Personendaten hindert.<\/p><p>\u00a0<\/p><p><strong>3. Welche Personendaten werden bei einem Besuch der Webseite www.wohnsiegel.ch bearbeitet<\/strong><\/p><p><strong>3.1 Cookies<\/strong><\/p><p>Die Webseite www.wohnsiegel.ch verwendet Cookies. Dies sind kleine Textdateien, die beim Besuch der Website auf Ihrem Computer dauerhaft oder tempor\u00e4r gespeichert werden k\u00f6nnen. Zweck dieser Cookies ist insbesondere die statistische Auswertung der Nutzung der Website www.wohnsiegel.ch f\u00fcr Verbesserungen. Bitte beachten Sie, dass die verwendeten Cookies ansonsten keine Personendaten speichern.<\/p><p>Sie k\u00f6nnen Cookies in Ihrem Browser jederzeit ganz oder teilweise deaktivieren. Bei deaktivierten Cookies stehen Ihnen allenfalls nicht mehr alle Funktionen von www.wohnsiegel.ch zur Verf\u00fcgung.<\/p><p><strong>3.2 Google Analytics sowie weitere Tracking-Tools<\/strong><\/p><p>Die Webseite www.wohnsiegel.ch verzichtet auf die Verwendung von Google Analytics oder den Einsatz von anderen Tracking-Tools.<\/p><p><strong>3.3 Weitere Daten<\/strong><\/p><p>Die Webseite www.wohnsiegel.ch speichert Zugriffsdaten als Server-Logdateien, die keinen direkten R\u00fcckschluss auf Ihre Person erm\u00f6glichen. Dazu z\u00e4hlen unter anderem die Namen der abgerufenen Seiten innerhalb von www.wohnsiegel.ch einschliesslich des Datums und der Zeit des Abrufs, die jeweils \u00fcbertragene Datenmenge und der Internet-Zugangsanbieter, \u00fcber den ein Abruf erfolgt. Diese Daten werden ausschliesslich zur Sicherstellung des st\u00f6rungsfreien Zugangs der Website sowie zur Gefahrenabwehr und Verbesserung der Website gespeichert.<\/p><p>\u00a0<\/p><p><strong>4. Drittanbieter<\/strong><\/p><p><strong>4.1 CASAONE und CASAWEB\/CASAPROJECT<\/strong><\/p><p>WohnSiegel Immobilien nutzt CASAONE und CASAWEB\/CASAPROJECT. Diese Produkte sind Softwares der Casasoft AG, Thurgauerstrasse 36, 8050 Z\u00fcrich.<\/p><p>CASAONE ist eine Immobilienverwaltungssoftware. Personendaten welche \u00fcber diese Software erfasst werden, werden auf Servern entweder der Casasoft AG oder einem Unterbeauftragten der Casasoft AG in der Schweiz gespeichert und bearbeitet.<\/p><p>CASAWEB\/CASAPROJECT ist eine Webseitenverwaltungssoftware, welche von der Webseite www.wohnsiegel.ch genutzt wird. Personendaten welche \u00fcber diese Software erfasst werden, werden auf Servern entweder der Casasoft AG oder einem Unterbeauftragten der Casasoft AG in der EU gespeichert und bearbeitet.<\/p><p>Ein direkter Austausch von Personendaten zwischen Ihnen und unseren Casasoft-Anwendungen findet insbesondere bei der Kommunikation \u00fcber die Webseite www.wohnsiegel.ch statt. Bitte beachten Sie auch Abschnitt 5., der weitere Informationen zum Datentransfer von Personendaten ins Ausland enth\u00e4lt.<\/p><p>Weitere Informationen finden Sie in der Datenschutzerkl\u00e4rung der Casasoft AG, abrufbar unter:<\/p><p><blockquote class=\"wp-embedded-content\" data-secret=\"1bUiCmNHik\"><a href=\"https:\/\/casasoft.ch\/datenschutz\/\">Datenschutzerkl\u00e4rung<\/a><\/blockquote><iframe class=\"wp-embedded-content\" sandbox=\"allow-scripts\" security=\"restricted\" style=\"position: absolute; visibility: hidden;\" title=\"&#8222;Datenschutzerkl\u00e4rung&#8220; &#8212; Casasoft AG\" src=\"https:\/\/casasoft.ch\/datenschutz\/embed\/#?secret=pOyoUl73W8#?secret=1bUiCmNHik\" data-secret=\"1bUiCmNHik\" width=\"600\" height=\"338\" frameborder=\"0\" marginwidth=\"0\" marginheight=\"0\" scrolling=\"no\"><\/iframe><\/p><p><strong>4.2 Microsoft 365 und damit zusammenh\u00e4ngende Software<\/strong><\/p><p>WohnSiegel Immobilien nutzt Microsoft 365 und verschiedene darin enthaltene Anwendungen. Microsoft 365 ist eine Software der Microsoft Corporation, One Microsoft Way Redmond, WA. 98052-6399 USA. Unser Vertragspartner ist jedoch Microsoft Ireland Operations Limited, One Microsoft Place, South County Business Park, Leopardstown, Dublin 18, Irland (im Folgenden \u201eMicrosoft\u201c).<\/p><p>Microsoft 365 enth\u00e4lt Software, wie z.B. Word, PowerPoint, Excel, Outlook und Microsoft Teams. Microsoft 365 bietet auch zus\u00e4tzliche Online-Dienste an. Dazu geh\u00f6ren verschiedene Cloud-Dienste wie SharePoint (inkl. Teams und OneDrive) und Exchange Online, bei denen die Daten nicht auf unseren, sondern auf Microsoft-Servern gespeichert sind.<\/p><p>Ein direkter Austausch von Personendaten zwischen Ihnen und unseren Microsoft 365-Anwendungen findet insbesondere bei der Kommunikation per E-Mail und der Terminplanung statt. Bitte beachten Sie auch Abschnitt 5., der weitere Informationen zum Datentransfer von Personendaten ins Ausland enth\u00e4lt.<\/p><p>Im Zusammenhang mit der Nutzung von Microsoft 365 bearbeitet Microsoft bestimmte Daten als unabh\u00e4ngiger Verantwortlicher. Bitte beachten Sie, dass wir auf diese Art der Datenbearbeitung keinen Einfluss haben. Soweit Microsoft im Zusammenhang mit der Nutzung von Microsoft 365 Personendaten bearbeitet, ist Microsoft hierf\u00fcr<\/p><p>der unabh\u00e4ngige Verantwortliche und als solcher f\u00fcr die Einhaltung aller anwendbaren Gesetze und Pflichten verantwortlich. Weitere Informationen finden Sie in der Datenschutzerkl\u00e4rung von Microsoft, abrufbar unter:<\/p><p>https:\/\/privacy.microsoft.com\/de-de\/privacystatement.<\/p><p>\u00a0<\/p><p><strong>5. Weitere Dritte und Datentransfer ins Ausland<\/strong><\/p><p>Neben den in dieser Datenschutzrichtlinie ausdr\u00fccklich erw\u00e4hnten Dritten k\u00f6nnen wir Ihre Personendaten im erforderlichen Umfang und sofern n\u00f6tig auch an andere beauftragte Dienstleister weitergeben, darunter:<\/p><p>&#8211; IT-Dienstleister;<\/p><p>&#8211; Externe Buchhalter;<\/p><p>&#8211; Wirtschaftspr\u00fcfer;<\/p><p>&#8211; Dritte, die mit deren vorheriger Zustimmung im Rahmen von Dienstleistungen eingeschaltet werden, wie z. B. Technologiedienstleister.<\/p><p>Grunds\u00e4tzlich garantieren uns Dienstleister mit Sitz in der Schweiz und\/oder in der EU, dass der den Schutz Ihrer Personendaten gew\u00e4hrleistet ist und dass sie daf\u00fcr sorgen, dass die im Ausland bearbeiteten Personendaten im gleichen Umfang wie in der Schweiz gesch\u00fctzt sind.<\/p><p>Einige der in dieser Datenschutzerkl\u00e4rung genannten Drittanbieter, wie z.B. Microsoft, k\u00f6nnen in den USA ans\u00e4ssig sein. In den USA gibt es mehrere \u00dcberwachungsma\u00dfnahmen durch US-Beh\u00f6rden, die die Speicherung aller Personendaten aller Personen erm\u00f6glichen, deren Daten in die USA \u00fcbermittelt wurden. Dar\u00fcber hinaus stehen betroffenen Personen aus der Schweiz oder der EU in den USA keine Rechtsmittel zur Verf\u00fcgung, um Zugang zu den betreffenden Daten zu erhalten und deren Berichtigung oder L\u00f6schung zu erwirken, und es gibt keinen wirksamen gerichtlichen Rechtsschutz gegen allgemeine Auskunftsrechte der US-Beh\u00f6rden. Die USA verf\u00fcgen aus Sicht der EU und der Schweiz nicht \u00fcber ein angemessenes Datenschutzniveau. Soweit Datenempf\u00e4nger in den USA ans\u00e4ssig sind, sind wir bestrebt, durch vertragliche Vereinbarungen mit solchen Drittanbietern sicherzustellen, dass Ihre Daten mit einem angemessenen Niveau gesch\u00fctzt werden.<\/p><p>Ihre Personendaten werden grunds\u00e4tzlich in der Schweiz gespeichert. Allerdings ist es m\u00f6glich, dass Ihre Personendaten in L\u00e4nder ausserhalb der Schweiz, wie z.B. L\u00e4nder innerhalb der EU, der USA oder Asien \u00fcbermittelt werden oder von dort abgerufen werden.<\/p><p>\u00a0<\/p><p><strong>6. Ihre Rechte<\/strong><\/p><p>Sie haben folgende Rechte hinsichtlich der Verarbeitung Ihrer Personendaten. Sie k\u00f6nnen diese Rechte aus\u00fcben, indem Sie uns kontaktieren:<\/p><p><strong>6.1<\/strong> Auskunftsrecht: Sie haben das Recht, jederzeit unentgeltlich Auskunft \u00fcber Ihre gespeicherten und bearbeiteten Personendaten zu erhalten. Unter bestimmten Umst\u00e4nden und gem\u00e4ss den geltenden gesetzlichen Bestimmungen sind wir berechtigt, f\u00fcr die Bereitstellung der gew\u00fcnschten Informationen eine Geb\u00fchr zu erheben. In bestimmten F\u00e4llen kann Ihr Auskunftsrecht ausgeschlossen sein.<\/p><p><strong>6.2<\/strong> Recht auf Berichtigung: Sie haben das Recht, unrichtige oder unvollst\u00e4ndige Personendaten, die von uns und\/oder mit uns zusammenarbeitenden Dritten gespeichert und bearbeitet werden, berichtigen zu lassen und \u00fcber die Berichtigung informiert zu werden. Im Falle einer Berichtigung informieren wir die Empf\u00e4nger der betroffenen Daten \u00fcber die vorgenommenen Anpassungen, es sei denn, dies ist unm\u00f6glich oder mit einem unverh\u00e4ltnism\u00e4\u00dfigen Aufwand verbunden.<\/p><p><strong>6.3<\/strong> Recht auf Einschr\u00e4nkung der Verarbeitung: Unter bestimmten Umst\u00e4nden haben Sie das Recht, die Einschr\u00e4nkung der Verarbeitung Ihrer Personendaten zu verlangen. In bestimmten F\u00e4llen kann Ihr Recht auf Einschr\u00e4nkung der Verarbeitung ausgeschlossen sein.<\/p><p><strong>6.4<\/strong> Recht auf Daten\u00fcbertragung: Unter bestimmten Umst\u00e4nden haben Sie das Recht, Ihre Personendaten, die Sie uns bereitgestellt haben, unentgeltlich in einem g\u00e4ngigen elektronischen\/maschinenlesbaren Format zu erhalten. In bestimmten F\u00e4llen sind wir berechtigt, f\u00fcr die Daten\u00fcbertragung eine Geb\u00fchr zu erheben.<\/p><p><strong>6.5<\/strong> Recht auf L\u00f6schung: Unter bestimmten Umst\u00e4nden haben Sie das Recht, Ihre Personendaten l\u00f6schen zu lassen. In bestimmten F\u00e4llen kann Ihr Recht auf L\u00f6schung ausgeschlossen sein.<\/p><p><strong>6.6<\/strong> Recht auf Beschwerde bei einer Aufsichtsbeh\u00f6rde: Sie haben das Recht, bei der zust\u00e4ndigen Aufsichtsbeh\u00f6rde Beschwerde gegen die Verarbeitung Ihrer Personendaten einzulegen.<\/p><p><strong>6.7<\/strong> Recht auf Widerruf Ihrer Einwilligung: Sie haben grunds\u00e4tzlich das Recht, eine allf\u00e4llige Einwilligung jederzeit zu widerrufen. Bisherige Verarbeitungen, die auf Ihrer Einwilligung beruhten, werden durch den Widerruf jedoch nicht unrechtm\u00e4ssig. In Einzelf\u00e4llen kann Ihr Widerruf durch einen anderen Grund \u00fcberlagert werden, der uns die weitere Verarbeitung Ihrer Daten gestattet.<\/p><p>\u00a0<\/p><p><strong>7. Datensicherheit und \u2013Integrit\u00e4t<\/strong><\/p><p>WohnSiegel Immobilien sch\u00fctzt die Vertraulichkeit und Sicherheit Ihrer Personendaten, die wir von Ihnen erhalten, erheben, speichern oder bearbeiten. Wir nehmen den Datenschutz ernst und stellen sicher, dass Ihre Personendaten in \u00dcbereinstimmung mit den geltenden Gesetzen und Vorschriften, insbesondere dem Schweizerischen Datenschutzgesetz (DSG), seiner Verordnung und, soweit gesetzlich vorgeschrieben, der Verordnung (EU) 2016\/679 vom 27. April 2016 zum Schutz nat\u00fcrlicher Personen bei der Verarbeitung personenbezogener Daten, zum freien Datenverkehr und zur Aufhebung der Richtlinie 95\/46\/EG (Datenschutz-Grundverordnung), behandelt werden.<\/p><p>Zudem werden technische und organisatorische Massnahmen eingesetzt, um die Sicherheit und Integrit\u00e4t Ihrer Personendaten zu gew\u00e4hrleisten und sicherzustellen, sodass Ihre Personendaten vor unbefugtem Zugriff, Verwendung, Weitergabe, Ver\u00e4nderung, Zerst\u00f6rung oder unbefugtem Zugriff Dritter gesch\u00fctzt sind.<\/p><p>Bitte beachten Sie, dass Daten, die \u00fcber ein offenes Netzwerk wie z.B. das Internet oder einen E-Mail-Dienst \u00fcbertragen werden, frei zug\u00e4nglich sind. Wir k\u00f6nnen die Vertraulichkeit von Nachrichten oder Inhalten, die \u00fcber solche Netze \u00fcbermittelt werden, nicht garantieren. Wenn Sie pers\u00f6nliche Informationen \u00fcber ein offenes Netzwerk weitergeben, sollten Sie sich dar\u00fcber im Klaren sein, dass Dritte m\u00f6glicherweise Zugriff auf diese Informationen haben k\u00f6nnten und diese f\u00fcr ihre eigenen Zwecke sammeln und verwenden k\u00f6nnten, ohne dass wir einen Einfluss noch Kenntnis davon haben.<\/p><p>\u00a0<\/p><p><strong>8. Kontaktinformationen und Aus\u00fcbung Ihrer Rechte<\/strong><\/p><p>Bei Fragen zum Datenschutz oder zur Aus\u00fcbung Ihrer Rechte kontaktieren Sie uns bitte, entweder \u00fcber info@wohnsiegel.ch, oder per Post an:<\/p><p>WohnSiegel Immobilien<\/p><p>Martina Dal-Pont<\/p><p>Bahnhofstrasse 26<\/p><p>8620 Wetzikon<\/p><p>\u00a0<\/p><p>Sollten Sie der Meinung sein, dass Ihre Anfrage nicht zu Ihrer Zufriedenheit bearbeitet wurde, k\u00f6nnen Sie sich an die zust\u00e4ndige Datenschutzbeh\u00f6rde wenden; in der Schweiz an den Eidgen\u00f6ssischen Datenschutz- und \u00d6ffentlichkeitsbeauftragten (https:\/\/www.edoeb.admin.ch).<\/p>\t\t\t\t\t\t\t\t<\/div>\n\t\t\t\t<\/div>\n\t\t\t\t\t<\/div>\n\t\t<\/div>\n\t\t\t\t\t<\/div>\n\t\t<\/section>\n\t\t\t\t<\/div>\n\t\t","protected":false},"excerpt":{"rendered":"<p>Datenschutz Datenschutzerkl\u00e4rung Stand 15. Mai 2025 \u00a0 Unsere Website unterliegt dem schweizerischen Recht zum Datenschutz, insbesondere gem\u00e4ss dem Bundesgesetz \u00fcber den Datenschutz (DSG) vom 25. September 2020. Wir erachten den Schutz Ihrer Privatsph\u00e4re als wichtig und informieren Sie deshalb nachfolgend ausf\u00fchrlich \u00fcber unseren Umgang mit Ihren Personendaten auf dieser Website. \u00a0 1. Wer wir sind [&hellip;]<\/p>\n","protected":false},"author":1,"featured_media":0,"parent":0,"menu_order":0,"comment_status":"closed","ping_status":"closed","template":"elementor_header_footer","meta":{"footnotes":""},"class_list":["post-6829","page","type-page","status-publish","hentry"],"yoast_head":"<!-- This site is optimized with the Yoast SEO plugin v25.2 - https:\/\/yoast.com\/wordpress\/plugins\/seo\/ -->\n<title>Datenschutz - Wohnsiegel<\/title>\n<meta name=\"robots\" content=\"index, follow, max-snippet:-1, max-image-preview:large, max-video-preview:-1\" \/>\n<link rel=\"canonical\" href=\"https:\/\/wohnsiegel.ch\/index.php\/datenschutz\/\" \/>\n<meta property=\"og:locale\" content=\"de_DE\" \/>\n<meta property=\"og:type\" content=\"article\" \/>\n<meta property=\"og:title\" content=\"Datenschutz - Wohnsiegel\" \/>\n<meta property=\"og:description\" content=\"Datenschutz Datenschutzerkl\u00e4rung Stand 15. Mai 2025 \u00a0 Unsere Website unterliegt dem schweizerischen Recht zum Datenschutz, insbesondere gem\u00e4ss dem Bundesgesetz \u00fcber den Datenschutz (DSG) vom 25. September 2020. Wir erachten den Schutz Ihrer Privatsph\u00e4re als wichtig und informieren Sie deshalb nachfolgend ausf\u00fchrlich \u00fcber unseren Umgang mit Ihren Personendaten auf dieser Website. \u00a0 1. Wer wir sind [&hellip;]\" \/>\n<meta property=\"og:url\" content=\"https:\/\/wohnsiegel.ch\/index.php\/datenschutz\/\" \/>\n<meta property=\"og:site_name\" content=\"Wohnsiegel\" \/>\n<meta property=\"article:modified_time\" content=\"2025-06-06T13:31:58+00:00\" \/>\n<meta name=\"twitter:card\" content=\"summary_large_image\" \/>\n<meta name=\"twitter:label1\" content=\"Gesch\u00e4tzte Lesezeit\" \/>\n\t<meta name=\"twitter:data1\" content=\"10\u00a0Minuten\" \/>\n<script type=\"application\/ld+json\" class=\"yoast-schema-graph\">{\"@context\":\"https:\/\/schema.org\",\"@graph\":[{\"@type\":\"WebPage\",\"@id\":\"https:\/\/wohnsiegel.ch\/index.php\/datenschutz\/\",\"url\":\"https:\/\/wohnsiegel.ch\/index.php\/datenschutz\/\",\"name\":\"Datenschutz - Wohnsiegel\",\"isPartOf\":{\"@id\":\"https:\/\/wohnsiegel.ch\/#website\"},\"datePublished\":\"2022-01-12T13:20:22+00:00\",\"dateModified\":\"2025-06-06T13:31:58+00:00\",\"breadcrumb\":{\"@id\":\"https:\/\/wohnsiegel.ch\/index.php\/datenschutz\/#breadcrumb\"},\"inLanguage\":\"de\",\"potentialAction\":[{\"@type\":\"ReadAction\",\"target\":[\"https:\/\/wohnsiegel.ch\/index.php\/datenschutz\/\"]}]},{\"@type\":\"BreadcrumbList\",\"@id\":\"https:\/\/wohnsiegel.ch\/index.php\/datenschutz\/#breadcrumb\",\"itemListElement\":[{\"@type\":\"ListItem\",\"position\":1,\"name\":\"Startseite\",\"item\":\"https:\/\/wohnsiegel.ch\/\"},{\"@type\":\"ListItem\",\"position\":2,\"name\":\"Datenschutz\"}]},{\"@type\":\"WebSite\",\"@id\":\"https:\/\/wohnsiegel.ch\/#website\",\"url\":\"https:\/\/wohnsiegel.ch\/\",\"name\":\"Wohnsiegel\",\"description\":\"Immobilienberaterin Z\u00fcrich\",\"potentialAction\":[{\"@type\":\"SearchAction\",\"target\":{\"@type\":\"EntryPoint\",\"urlTemplate\":\"https:\/\/wohnsiegel.ch\/?s={search_term_string}\"},\"query-input\":{\"@type\":\"PropertyValueSpecification\",\"valueRequired\":true,\"valueName\":\"search_term_string\"}}],\"inLanguage\":\"de\"}]}<\/script>\n<!-- \/ Yoast SEO plugin. -->","yoast_head_json":{"title":"Datenschutz - Wohnsiegel","robots":{"index":"index","follow":"follow","max-snippet":"max-snippet:-1","max-image-preview":"max-image-preview:large","max-video-preview":"max-video-preview:-1"},"canonical":"https:\/\/wohnsiegel.ch\/index.php\/datenschutz\/","og_locale":"de_DE","og_type":"article","og_title":"Datenschutz - Wohnsiegel","og_description":"Datenschutz Datenschutzerkl\u00e4rung Stand 15. Mai 2025 \u00a0 Unsere Website unterliegt dem schweizerischen Recht zum Datenschutz, insbesondere gem\u00e4ss dem Bundesgesetz \u00fcber den Datenschutz (DSG) vom 25. September 2020. Wir erachten den Schutz Ihrer Privatsph\u00e4re als wichtig und informieren Sie deshalb nachfolgend ausf\u00fchrlich \u00fcber unseren Umgang mit Ihren Personendaten auf dieser Website. \u00a0 1. Wer wir sind [&hellip;]","og_url":"https:\/\/wohnsiegel.ch\/index.php\/datenschutz\/","og_site_name":"Wohnsiegel","article_modified_time":"2025-06-06T13:31:58+00:00","twitter_card":"summary_large_image","twitter_misc":{"Gesch\u00e4tzte Lesezeit":"10\u00a0Minuten"},"schema":{"@context":"https:\/\/schema.org","@graph":[{"@type":"WebPage","@id":"https:\/\/wohnsiegel.ch\/index.php\/datenschutz\/","url":"https:\/\/wohnsiegel.ch\/index.php\/datenschutz\/","name":"Datenschutz - Wohnsiegel","isPartOf":{"@id":"https:\/\/wohnsiegel.ch\/#website"},"datePublished":"2022-01-12T13:20:22+00:00","dateModified":"2025-06-06T13:31:58+00:00","breadcrumb":{"@id":"https:\/\/wohnsiegel.ch\/index.php\/datenschutz\/#breadcrumb"},"inLanguage":"de","potentialAction":[{"@type":"ReadAction","target":["https:\/\/wohnsiegel.ch\/index.php\/datenschutz\/"]}]},{"@type":"BreadcrumbList","@id":"https:\/\/wohnsiegel.ch\/index.php\/datenschutz\/#breadcrumb","itemListElement":[{"@type":"ListItem","position":1,"name":"Startseite","item":"https:\/\/wohnsiegel.ch\/"},{"@type":"ListItem","position":2,"name":"Datenschutz"}]},{"@type":"WebSite","@id":"https:\/\/wohnsiegel.ch\/#website","url":"https:\/\/wohnsiegel.ch\/","name":"Wohnsiegel","description":"Immobilienberaterin Z\u00fcrich","potentialAction":[{"@type":"SearchAction","target":{"@type":"EntryPoint","urlTemplate":"https:\/\/wohnsiegel.ch\/?s={search_term_string}"},"query-input":{"@type":"PropertyValueSpecification","valueRequired":true,"valueName":"search_term_string"}}],"inLanguage":"de"}]}},"_links":{"self":[{"href":"https:\/\/wohnsiegel.ch\/index.php\/wp-json\/wp\/v2\/pages\/6829","targetHints":{"allow":["GET"]}}],"collection":[{"href":"https:\/\/wohnsiegel.ch\/index.php\/wp-json\/wp\/v2\/pages"}],"about":[{"href":"https:\/\/wohnsiegel.ch\/index.php\/wp-json\/wp\/v2\/types\/page"}],"author":[{"embeddable":true,"href":"https:\/\/wohnsiegel.ch\/index.php\/wp-json\/wp\/v2\/users\/1"}],"replies":[{"embeddable":true,"href":"https:\/\/wohnsiegel.ch\/index.php\/wp-json\/wp\/v2\/comments?post=6829"}],"version-history":[{"count":13,"href":"https:\/\/wohnsiegel.ch\/index.php\/wp-json\/wp\/v2\/pages\/6829\/revisions"}],"predecessor-version":[{"id":6951,"href":"https:\/\/wohnsiegel.ch\/index.php\/wp-json\/wp\/v2\/pages\/6829\/revisions\/6951"}],"wp:attachment":[{"href":"https:\/\/wohnsiegel.ch\/index.php\/wp-json\/wp\/v2\/media?parent=6829"}],"curies":[{"name":"wp","href":"https:\/\/api.w.org\/{rel}","templated":true}]}}